{"id":234,"date":"2024-04-03T16:14:29","date_gmt":"2024-04-03T14:14:29","guid":{"rendered":"https:\/\/www.mercure-viguierfigeac.com\/visites\/"},"modified":"2025-06-11T09:24:54","modified_gmt":"2025-06-11T07:24:54","slug":"visite-figeac","status":"publish","type":"page","link":"https:\/\/www.mercure-viguierfigeac.com\/es\/tourisme-visiter-figeac-et-alentours\/visiter-figeac\/","title":{"rendered":"Visitas"},"content":{"rendered":"<div data-elementor-type=\"wp-page\" data-elementor-id=\"234\" class=\"elementor elementor-234\" data-elementor-post-type=\"page\">\n\t\t\t\t<div class=\"elementor-element elementor-element-549d723c e-flex e-con-boxed e-con e-parent\" data-id=\"549d723c\" data-element_type=\"container\" data-e-type=\"container\" data-settings=\"{&quot;background_background&quot;:&quot;classic&quot;}\">\n\t\t\t\t\t<div class=\"e-con-inner\">\n\t\t<div class=\"elementor-element elementor-element-7ef4349c e-flex e-con-boxed e-con e-child\" data-id=\"7ef4349c\" data-element_type=\"container\" data-e-type=\"container\" data-settings=\"{&quot;background_background&quot;:&quot;slideshow&quot;,&quot;background_slideshow_gallery&quot;:[],&quot;background_slideshow_loop&quot;:&quot;yes&quot;,&quot;background_slideshow_slide_duration&quot;:5000,&quot;background_slideshow_slide_transition&quot;:&quot;fade&quot;,&quot;background_slideshow_transition_duration&quot;:500}\">\n\t\t\t\t\t<div class=\"e-con-inner\">\n\t\t\t\t<div class=\"elementor-element elementor-element-6768ef83 elementor-widget elementor-widget-heading\" data-id=\"6768ef83\" data-element_type=\"widget\" data-e-type=\"widget\" data-widget_type=\"heading.default\">\n\t\t\t\t<div class=\"elementor-widget-container\">\n\t\t\t\t\t<span class=\"elementor-heading-title elementor-size-default\">Descubrir Figeac<\/span>\t\t\t\t<\/div>\n\t\t\t\t<\/div>\n\t\t\t\t\t<\/div>\n\t\t\t\t<\/div>\n\t\t\t\t\t<\/div>\n\t\t\t\t<\/div>\n\t\t<div class=\"elementor-element elementor-element-7a50508e e-flex e-con-boxed e-con e-parent\" data-id=\"7a50508e\" data-element_type=\"container\" data-e-type=\"container\" data-settings=\"{&quot;background_background&quot;:&quot;classic&quot;}\">\n\t\t\t\t\t<div class=\"e-con-inner\">\n\t\t\t\t<div class=\"elementor-element elementor-element-47eaa54f elementor-widget elementor-widget-image\" data-id=\"47eaa54f\" data-element_type=\"widget\" data-e-type=\"widget\" data-widget_type=\"image.default\">\n\t\t\t\t<div class=\"elementor-widget-container\">\n\t\t\t\t\t\t\t\t\t\t\t\t\t\t\t<img decoding=\"async\" width=\"110\" height=\"4\" src=\"https:\/\/www.mercure-viguierfigeac.com\/wp-content\/uploads\/2024\/04\/Groupe-525.svg\" class=\"attachment-full size-full wp-image-86\" alt=\"\" title=\"\">\t\t\t\t\t\t\t\t\t\t\t\t\t\t\t<\/div>\n\t\t\t\t<\/div>\n\t\t\t\t<div class=\"elementor-element elementor-element-4ca1ffde elementor-widget elementor-widget-heading\" data-id=\"4ca1ffde\" data-element_type=\"widget\" data-e-type=\"widget\" data-widget_type=\"heading.default\">\n\t\t\t\t<div class=\"elementor-widget-container\">\n\t\t\t\t\t<h1 class=\"elementor-heading-title elementor-size-default\">Visitar Figeac<\/h1>\t\t\t\t<\/div>\n\t\t\t\t<\/div>\n\t\t\t\t<div class=\"elementor-element elementor-element-43f58894 elementor-widget elementor-widget-heading\" data-id=\"43f58894\" data-element_type=\"widget\" data-e-type=\"widget\" data-widget_type=\"heading.default\">\n\t\t\t\t<div class=\"elementor-widget-container\">\n\t\t\t\t\t<h3 class=\"elementor-heading-title elementor-size-default\">Ciudad de arte e historia<\/h3>\t\t\t\t<\/div>\n\t\t\t\t<\/div>\n\t\t<div class=\"elementor-element elementor-element-65253200 e-con-full e-flex e-con e-child\" data-id=\"65253200\" data-element_type=\"container\" data-e-type=\"container\" data-settings=\"{&quot;background_background&quot;:&quot;classic&quot;}\">\n\t\t\t\t<div class=\"elementor-element elementor-element-f6d3741 elementor-absolute elementor-widget elementor-widget-image\" data-id=\"f6d3741\" data-element_type=\"widget\" data-e-type=\"widget\" data-settings=\"{&quot;_position&quot;:&quot;absolute&quot;}\" data-widget_type=\"image.default\">\n\t\t\t\t<div class=\"elementor-widget-container\">\n\t\t\t\t\t\t\t\t\t\t\t\t\t\t\t<img fetchpriority=\"high\" decoding=\"async\" width=\"410\" height=\"1353\" src=\"https:\/\/www.mercure-viguierfigeac.com\/wp-content\/uploads\/2024\/04\/Groupe-998-2x.png\" class=\"attachment-full size-full wp-image-108\" alt=\"\" srcset=\"https:\/\/www.mercure-viguierfigeac.com\/wp-content\/uploads\/2024\/04\/Groupe-998-2x.png 410w, https:\/\/www.mercure-viguierfigeac.com\/wp-content\/uploads\/2024\/04\/Groupe-998-2x-91x300.png 91w, https:\/\/www.mercure-viguierfigeac.com\/wp-content\/uploads\/2024\/04\/Groupe-998-2x-310x1024.png 310w, https:\/\/www.mercure-viguierfigeac.com\/wp-content\/uploads\/2024\/04\/Groupe-998-2x-4x12.png 4w\" sizes=\"(max-width: 410px) 100vw, 410px\" title=\"\">\t\t\t\t\t\t\t\t\t\t\t\t\t\t\t<\/div>\n\t\t\t\t<\/div>\n\t\t<div class=\"elementor-element elementor-element-37af43f9 e-con-full e-flex e-con e-child\" data-id=\"37af43f9\" data-element_type=\"container\" data-e-type=\"container\" data-settings=\"{&quot;background_background&quot;:&quot;classic&quot;}\">\n\t\t\t\t<div class=\"elementor-element elementor-element-4afd8ef4 elementor-widget elementor-widget-image\" data-id=\"4afd8ef4\" data-element_type=\"widget\" data-e-type=\"widget\" data-widget_type=\"image.default\">\n\t\t\t\t<div class=\"elementor-widget-container\">\n\t\t\t\t\t\t\t\t\t\t\t\t\t\t\t<img decoding=\"async\" width=\"110\" height=\"4\" src=\"https:\/\/www.mercure-viguierfigeac.com\/wp-content\/uploads\/2024\/04\/Groupe-525.svg\" class=\"attachment-full size-full wp-image-86\" alt=\"\" title=\"\">\t\t\t\t\t\t\t\t\t\t\t\t\t\t\t<\/div>\n\t\t\t\t<\/div>\n\t\t\t\t<div class=\"elementor-element elementor-element-2e12f582 elementor-widget elementor-widget-heading\" data-id=\"2e12f582\" data-element_type=\"widget\" data-e-type=\"widget\" data-widget_type=\"heading.default\">\n\t\t\t\t<div class=\"elementor-widget-container\">\n\t\t\t\t\t<h2 class=\"elementor-heading-title elementor-size-default\">La ciudad de Figeac<\/h2>\t\t\t\t<\/div>\n\t\t\t\t<\/div>\n\t\t\t\t<div class=\"elementor-element elementor-element-712eaf2a elementor-widget elementor-widget-heading\" data-id=\"712eaf2a\" data-element_type=\"widget\" data-e-type=\"widget\" data-widget_type=\"heading.default\">\n\t\t\t\t<div class=\"elementor-widget-container\">\n\t\t\t\t\t<h3 class=\"elementor-heading-title elementor-size-default\">decididamente contempor\u00e1neo<\/h3>\t\t\t\t<\/div>\n\t\t\t\t<\/div>\n\t\t\t\t<\/div>\n\t\t<div class=\"elementor-element elementor-element-4ef6f966 e-con-full e-flex e-con e-child\" data-id=\"4ef6f966\" data-element_type=\"container\" data-e-type=\"container\">\n\t\t\t\t<div class=\"elementor-element elementor-element-57e02e82 elementor-widget__width-initial elementor-widget-tablet__width-inherit elementor-widget elementor-widget-text-editor\" data-id=\"57e02e82\" data-element_type=\"widget\" data-e-type=\"widget\" data-widget_type=\"text-editor.default\">\n\t\t\t\t<div class=\"elementor-widget-container\">\n\t\t\t\t\t\t\t\t\t<p>Figeac, peque\u00f1a ciudad de la regi\u00f3n de Occitanie, es conocida por su rico pasado hist\u00f3rico y cultural, as\u00ed como por su actividad industrial de vanguardia. En particular, es la ciudad m\u00e1s peque\u00f1a de Francia que cuenta con un Instituto Universitario de Tecnolog\u00eda.\u00a0<\/p>\t\t\t\t\t\t\t\t<\/div>\n\t\t\t\t<\/div>\n\t\t\t\t<\/div>\n\t\t\t\t<\/div>\n\t\t<div class=\"elementor-element elementor-element-38a16177 e-con-full e-flex e-con e-child\" data-id=\"38a16177\" data-element_type=\"container\" data-e-type=\"container\">\n\t\t<div class=\"elementor-element elementor-element-36187620 e-con-full e-flex e-con e-child\" data-id=\"36187620\" data-element_type=\"container\" data-e-type=\"container\">\n\t\t\t\t<div class=\"elementor-element elementor-element-656530e8 elementor-widget__width-inherit elementor-widget elementor-widget-text-editor\" data-id=\"656530e8\" data-element_type=\"widget\" data-e-type=\"widget\" data-widget_type=\"text-editor.default\">\n\t\t\t\t<div class=\"elementor-widget-container\">\n\t\t\t\t\t\t\t\t\t<p>El nombre de Jean-Fran\u00e7ois Champollion est\u00e1 indisolublemente ligado al de Figeac. El famoso egipt\u00f3logo que descifr\u00f3 los jerogl\u00edficos en 1790 naci\u00f3 aqu\u00ed. En la actualidad, la casa natal alberga el Museo de las Escrituras del Mundo, en la plaza Champollion.<\/p><p>\u00a0<\/p><p>Con su enorme l\u00e1mina de cobre atravesada por 1.000 caracteres de escritura, la fachada del museo oscila entre la historia antigua y la modernidad po\u00e9tica. El museo cuenta la fascinante historia de la escritura en las civilizaciones humanas. Sus colecciones \u00fanicas le llevar\u00e1n de viaje por todo el mundo, desde los mayas hasta China, pasando por el Mediterr\u00e1neo.<\/p>\t\t\t\t\t\t\t\t<\/div>\n\t\t\t\t<\/div>\n\t\t\t\t<div class=\"elementor-element elementor-element-2bd4424 elementor-widget elementor-widget-button\" data-id=\"2bd4424\" data-element_type=\"widget\" data-e-type=\"widget\" data-widget_type=\"button.default\">\n\t\t\t\t<div class=\"elementor-widget-container\">\n\t\t\t\t\t\t\t\t\t<div class=\"elementor-button-wrapper\">\n\t\t\t\t\t<a class=\"elementor-button elementor-button-link elementor-size-sm\" href=\"https:\/\/musee-champollion.fr\/\" target=\"_blank\" rel=\"nofollow noopener\">\n\t\t\t\t\t\t<span class=\"elementor-button-content-wrapper\">\n\t\t\t\t\t\t\t\t\t<span class=\"elementor-button-text\">Descubrir el museo<\/span>\n\t\t\t\t\t<\/span>\n\t\t\t\t\t<\/a>\n\t\t\t\t<\/div>\n\t\t\t\t\t\t\t\t<\/div>\n\t\t\t\t<\/div>\n\t\t\t\t<\/div>\n\t\t<div class=\"elementor-element elementor-element-1678399e e-con-full e-flex e-con e-child\" data-id=\"1678399e\" data-element_type=\"container\" data-e-type=\"container\" data-settings=\"{&quot;background_background&quot;:&quot;classic&quot;}\">\n\t\t\t\t<div class=\"elementor-element elementor-element-6828b1d6 elementor-widget elementor-widget-image\" data-id=\"6828b1d6\" data-element_type=\"widget\" data-e-type=\"widget\" data-widget_type=\"image.default\">\n\t\t\t\t<div class=\"elementor-widget-container\">\n\t\t\t\t\t\t\t\t\t\t\t\t\t\t\t<img decoding=\"async\" width=\"110\" height=\"4\" src=\"https:\/\/www.mercure-viguierfigeac.com\/wp-content\/uploads\/2024\/04\/Groupe-525.svg\" class=\"attachment-full size-full wp-image-86\" alt=\"\" title=\"\">\t\t\t\t\t\t\t\t\t\t\t\t\t\t\t<\/div>\n\t\t\t\t<\/div>\n\t\t\t\t<div class=\"elementor-element elementor-element-20dd3239 elementor-widget elementor-widget-heading\" data-id=\"20dd3239\" data-element_type=\"widget\" data-e-type=\"widget\" data-widget_type=\"heading.default\">\n\t\t\t\t<div class=\"elementor-widget-container\">\n\t\t\t\t\t<h2 class=\"elementor-heading-title elementor-size-default\">la plaza y el Museo Champollion\n<\/h2>\t\t\t\t<\/div>\n\t\t\t\t<\/div>\n\t\t\t\t<div class=\"elementor-element elementor-element-4705d401 elementor-absolute elementor-widget elementor-widget-image\" data-id=\"4705d401\" data-element_type=\"widget\" data-e-type=\"widget\" data-settings=\"{&quot;_position&quot;:&quot;absolute&quot;}\" data-widget_type=\"image.default\">\n\t\t\t\t<div class=\"elementor-widget-container\">\n\t\t\t\t\t\t\t\t\t\t\t\t\t\t\t<img fetchpriority=\"high\" decoding=\"async\" width=\"410\" height=\"1353\" src=\"https:\/\/www.mercure-viguierfigeac.com\/wp-content\/uploads\/2024\/04\/Groupe-998-2x.png\" class=\"attachment-full size-full wp-image-108\" alt=\"\" srcset=\"https:\/\/www.mercure-viguierfigeac.com\/wp-content\/uploads\/2024\/04\/Groupe-998-2x.png 410w, https:\/\/www.mercure-viguierfigeac.com\/wp-content\/uploads\/2024\/04\/Groupe-998-2x-91x300.png 91w, https:\/\/www.mercure-viguierfigeac.com\/wp-content\/uploads\/2024\/04\/Groupe-998-2x-310x1024.png 310w, https:\/\/www.mercure-viguierfigeac.com\/wp-content\/uploads\/2024\/04\/Groupe-998-2x-4x12.png 4w\" sizes=\"(max-width: 410px) 100vw, 410px\" title=\"\">\t\t\t\t\t\t\t\t\t\t\t\t\t\t\t<\/div>\n\t\t\t\t<\/div>\n\t\t\t\t<div class=\"elementor-element elementor-element-2c05cb2c elementor-widget elementor-widget-heading\" data-id=\"2c05cb2c\" data-element_type=\"widget\" data-e-type=\"widget\" data-widget_type=\"heading.default\">\n\t\t\t\t<div class=\"elementor-widget-container\">\n\t\t\t\t\t<h3 class=\"elementor-heading-title elementor-size-default\">para descubrir<\/h3>\t\t\t\t<\/div>\n\t\t\t\t<\/div>\n\t\t\t\t<\/div>\n\t\t\t\t<\/div>\n\t\t<div class=\"elementor-element elementor-element-f194844 e-con-full e-flex e-con e-child\" data-id=\"f194844\" data-element_type=\"container\" data-e-type=\"container\" data-settings=\"{&quot;background_background&quot;:&quot;classic&quot;}\">\n\t\t\t\t<div class=\"elementor-element elementor-element-70e2aba elementor-absolute elementor-widget elementor-widget-image\" data-id=\"70e2aba\" data-element_type=\"widget\" data-e-type=\"widget\" data-settings=\"{&quot;_position&quot;:&quot;absolute&quot;}\" data-widget_type=\"image.default\">\n\t\t\t\t<div class=\"elementor-widget-container\">\n\t\t\t\t\t\t\t\t\t\t\t\t\t\t\t<img fetchpriority=\"high\" decoding=\"async\" width=\"410\" height=\"1353\" src=\"https:\/\/www.mercure-viguierfigeac.com\/wp-content\/uploads\/2024\/04\/Groupe-998-2x.png\" class=\"attachment-full size-full wp-image-108\" alt=\"\" srcset=\"https:\/\/www.mercure-viguierfigeac.com\/wp-content\/uploads\/2024\/04\/Groupe-998-2x.png 410w, https:\/\/www.mercure-viguierfigeac.com\/wp-content\/uploads\/2024\/04\/Groupe-998-2x-91x300.png 91w, https:\/\/www.mercure-viguierfigeac.com\/wp-content\/uploads\/2024\/04\/Groupe-998-2x-310x1024.png 310w, https:\/\/www.mercure-viguierfigeac.com\/wp-content\/uploads\/2024\/04\/Groupe-998-2x-4x12.png 4w\" sizes=\"(max-width: 410px) 100vw, 410px\" title=\"\">\t\t\t\t\t\t\t\t\t\t\t\t\t\t\t<\/div>\n\t\t\t\t<\/div>\n\t\t<div class=\"elementor-element elementor-element-13e5772 e-con-full e-flex e-con e-child\" data-id=\"13e5772\" data-element_type=\"container\" data-e-type=\"container\" data-settings=\"{&quot;background_background&quot;:&quot;classic&quot;}\">\n\t\t\t\t<div class=\"elementor-element elementor-element-26f028b elementor-widget elementor-widget-heading\" data-id=\"26f028b\" data-element_type=\"widget\" data-e-type=\"widget\" data-widget_type=\"heading.default\">\n\t\t\t\t<div class=\"elementor-widget-container\">\n\t\t\t\t\t<h2 class=\"elementor-heading-title elementor-size-default\">El lugar de la escritura<\/h2>\t\t\t\t<\/div>\n\t\t\t\t<\/div>\n\t\t\t\t<div class=\"elementor-element elementor-element-68f5fa1 elementor-widget elementor-widget-image\" data-id=\"68f5fa1\" data-element_type=\"widget\" data-e-type=\"widget\" data-widget_type=\"image.default\">\n\t\t\t\t<div class=\"elementor-widget-container\">\n\t\t\t\t\t\t\t\t\t\t\t\t\t\t\t<img decoding=\"async\" width=\"110\" height=\"4\" src=\"https:\/\/www.mercure-viguierfigeac.com\/wp-content\/uploads\/2024\/04\/Groupe-525.svg\" class=\"attachment-full size-full wp-image-86\" alt=\"\" title=\"\">\t\t\t\t\t\t\t\t\t\t\t\t\t\t\t<\/div>\n\t\t\t\t<\/div>\n\t\t\t\t<\/div>\n\t\t<div class=\"elementor-element elementor-element-376924d e-con-full e-flex e-con e-child\" data-id=\"376924d\" data-element_type=\"container\" data-e-type=\"container\">\n\t\t\t\t<div class=\"elementor-element elementor-element-34a0def elementor-widget__width-initial elementor-widget-tablet__width-inherit elementor-widget elementor-widget-text-editor\" data-id=\"34a0def\" data-element_type=\"widget\" data-e-type=\"widget\" data-widget_type=\"text-editor.default\">\n\t\t\t\t<div class=\"elementor-widget-container\">\n\t\t\t\t\t\t\t\t\t<p>Descubra la sorprendente Place des Ecritures, justo detr\u00e1s del Museo Champollion. En su centro se encuentra una gigantesca reproducci\u00f3n de la Piedra Rosetta dise\u00f1ada por el artista estadounidense Joseph Kosuth. La monumental obra de granito negro sobre el suelo incorpora 3 tipos de escritura grabada -jerogl\u00edfica, dem\u00f3tica y griega antigua- que se pueden pisar con los pies.<\/p><p>Al pasar, admire el patio medieval, bellamente rodeado por una galer\u00eda de estilo g\u00f3tico y presidido por jardines en terrazas plantados con papiros egipcios.<\/p>\t\t\t\t\t\t\t\t<\/div>\n\t\t\t\t<\/div>\n\t\t\t\t<\/div>\n\t\t\t\t<\/div>\n\t\t<div class=\"elementor-element elementor-element-50bea73 e-con-full e-flex e-con e-child\" data-id=\"50bea73\" data-element_type=\"container\" data-e-type=\"container\">\n\t\t<div class=\"elementor-element elementor-element-78a3a11 e-con-full e-flex e-con e-child\" data-id=\"78a3a11\" data-element_type=\"container\" data-e-type=\"container\">\n\t\t\t\t<div class=\"elementor-element elementor-element-f89c5da elementor-widget__width-inherit elementor-widget elementor-widget-text-editor\" data-id=\"f89c5da\" data-element_type=\"widget\" data-e-type=\"widget\" data-widget_type=\"text-editor.default\">\n\t\t\t\t<div class=\"elementor-widget-container\">\n\t\t\t\t\t\t\t\t\t<p>Es fruto de una leyenda. Se dice que en pleno invierno del siglo VIII, una flor de espino indic\u00f3 el emplazamiento de la futura iglesia a Anastasio, el legendario primer abad de Saint-Sauveur.<\/p><p>La iglesia, construida en el siglo XIII en lo alto de una peque\u00f1a colina, es sin duda el lugar de culto m\u00e1s antiguo de la ciudad. Alberga un retablo monumental dedicado a la Virgen que data del siglo XVII. Es el retablo barroco m\u00e1s grande del Lot.<\/p><p>Det\u00e9ngase un momento frente a la iglesia para contemplar una espl\u00e9ndida vista de los tejados de la ciudad y su mar de tejas rojas.<\/p>\t\t\t\t\t\t\t\t<\/div>\n\t\t\t\t<\/div>\n\t\t\t\t<div class=\"elementor-element elementor-element-4d8e935 elementor-widget elementor-widget-button\" data-id=\"4d8e935\" data-element_type=\"widget\" data-e-type=\"widget\" data-widget_type=\"button.default\">\n\t\t\t\t<div class=\"elementor-widget-container\">\n\t\t\t\t\t\t\t\t\t<div class=\"elementor-button-wrapper\">\n\t\t\t\t\t<a class=\"elementor-button elementor-button-link elementor-size-sm\" href=\"https:\/\/www.tourisme-figeac.com\/explorer\/villes-et-villages-aux-allures-medievales\/figeac-rendez-vous-en-terres-medievales\/les-eglises-de-figeac\/\" target=\"_blank\" rel=\"nofollow noopener\">\n\t\t\t\t\t\t<span class=\"elementor-button-content-wrapper\">\n\t\t\t\t\t\t\t\t\t<span class=\"elementor-button-text\">M\u00e1s informaci\u00f3n<\/span>\n\t\t\t\t\t<\/span>\n\t\t\t\t\t<\/a>\n\t\t\t\t<\/div>\n\t\t\t\t\t\t\t\t<\/div>\n\t\t\t\t<\/div>\n\t\t\t\t<\/div>\n\t\t<div class=\"elementor-element elementor-element-02b5231 e-con-full e-flex e-con e-child\" data-id=\"02b5231\" data-element_type=\"container\" data-e-type=\"container\" data-settings=\"{&quot;background_background&quot;:&quot;classic&quot;}\">\n\t\t\t\t<div class=\"elementor-element elementor-element-51baa64 elementor-widget elementor-widget-image\" data-id=\"51baa64\" data-element_type=\"widget\" data-e-type=\"widget\" data-widget_type=\"image.default\">\n\t\t\t\t<div class=\"elementor-widget-container\">\n\t\t\t\t\t\t\t\t\t\t\t\t\t\t\t<img decoding=\"async\" width=\"110\" height=\"4\" src=\"https:\/\/www.mercure-viguierfigeac.com\/wp-content\/uploads\/2024\/04\/Groupe-525.svg\" class=\"attachment-full size-full wp-image-86\" alt=\"\" title=\"\">\t\t\t\t\t\t\t\t\t\t\t\t\t\t\t<\/div>\n\t\t\t\t<\/div>\n\t\t\t\t<div class=\"elementor-element elementor-element-19570e9 elementor-widget elementor-widget-heading\" data-id=\"19570e9\" data-element_type=\"widget\" data-e-type=\"widget\" data-widget_type=\"heading.default\">\n\t\t\t\t<div class=\"elementor-widget-container\">\n\t\t\t\t\t<h2 class=\"elementor-heading-title elementor-size-default\">La iglesia de Notre-Dame du Puy\n<\/h2>\t\t\t\t<\/div>\n\t\t\t\t<\/div>\n\t\t\t\t<div class=\"elementor-element elementor-element-69a6124 elementor-absolute elementor-widget elementor-widget-image\" data-id=\"69a6124\" data-element_type=\"widget\" data-e-type=\"widget\" data-settings=\"{&quot;_position&quot;:&quot;absolute&quot;}\" data-widget_type=\"image.default\">\n\t\t\t\t<div class=\"elementor-widget-container\">\n\t\t\t\t\t\t\t\t\t\t\t\t\t\t\t<img fetchpriority=\"high\" decoding=\"async\" width=\"410\" height=\"1353\" src=\"https:\/\/www.mercure-viguierfigeac.com\/wp-content\/uploads\/2024\/04\/Groupe-998-2x.png\" class=\"attachment-full size-full wp-image-108\" alt=\"\" srcset=\"https:\/\/www.mercure-viguierfigeac.com\/wp-content\/uploads\/2024\/04\/Groupe-998-2x.png 410w, https:\/\/www.mercure-viguierfigeac.com\/wp-content\/uploads\/2024\/04\/Groupe-998-2x-91x300.png 91w, https:\/\/www.mercure-viguierfigeac.com\/wp-content\/uploads\/2024\/04\/Groupe-998-2x-310x1024.png 310w, https:\/\/www.mercure-viguierfigeac.com\/wp-content\/uploads\/2024\/04\/Groupe-998-2x-4x12.png 4w\" sizes=\"(max-width: 410px) 100vw, 410px\" title=\"\">\t\t\t\t\t\t\t\t\t\t\t\t\t\t\t<\/div>\n\t\t\t\t<\/div>\n\t\t\t\t<\/div>\n\t\t\t\t<\/div>\n\t\t\t\t\t<\/div>\n\t\t\t\t<\/div>\n\t\t\t\t<\/div>","protected":false},"excerpt":{"rendered":"<p>D\u00e9couvrir Figeac Visiter Figeac Ville d&rsquo;art et d&rsquo;histoire La ville de Figeac r\u00e9solument contemporaine Petite cit\u00e9 d\u2019Occitanie, Figeac est aussi bien reconnue pour son riche pass\u00e9 tant que le plan historique que culturel que pour son activit\u00e9 en ce qui concerne l\u2019industrie de pointe. C\u2019est notamment la plus petite ville de France \u00e0 disposer d\u2019un [&hellip;]<\/p>\n","protected":false},"author":5,"featured_media":237,"parent":238,"menu_order":0,"comment_status":"closed","ping_status":"closed","template":"","meta":{"inline_featured_image":false,"footnotes":""},"class_list":["post-234","page","type-page","status-publish","has-post-thumbnail","hentry"],"_links":{"self":[{"href":"https:\/\/www.mercure-viguierfigeac.com\/es\/wp-json\/wp\/v2\/pages\/234","targetHints":{"allow":["GET"]}}],"collection":[{"href":"https:\/\/www.mercure-viguierfigeac.com\/es\/wp-json\/wp\/v2\/pages"}],"about":[{"href":"https:\/\/www.mercure-viguierfigeac.com\/es\/wp-json\/wp\/v2\/types\/page"}],"author":[{"embeddable":true,"href":"https:\/\/www.mercure-viguierfigeac.com\/es\/wp-json\/wp\/v2\/users\/5"}],"replies":[{"embeddable":true,"href":"https:\/\/www.mercure-viguierfigeac.com\/es\/wp-json\/wp\/v2\/comments?post=234"}],"version-history":[{"count":76,"href":"https:\/\/www.mercure-viguierfigeac.com\/es\/wp-json\/wp\/v2\/pages\/234\/revisions"}],"predecessor-version":[{"id":2065,"href":"https:\/\/www.mercure-viguierfigeac.com\/es\/wp-json\/wp\/v2\/pages\/234\/revisions\/2065"}],"up":[{"embeddable":true,"href":"https:\/\/www.mercure-viguierfigeac.com\/es\/wp-json\/wp\/v2\/pages\/238"}],"wp:featuredmedia":[{"embeddable":true,"href":"https:\/\/www.mercure-viguierfigeac.com\/es\/wp-json\/wp\/v2\/media\/237"}],"wp:attachment":[{"href":"https:\/\/www.mercure-viguierfigeac.com\/es\/wp-json\/wp\/v2\/media?parent=234"}],"curies":[{"name":"wp","href":"https:\/\/api.w.org\/{rel}","templated":true}]}}