{"id":225,"date":"2024-04-03T16:14:27","date_gmt":"2024-04-03T14:14:27","guid":{"rendered":"https:\/\/www.mercure-viguierfigeac.com\/sites-naturels\/"},"modified":"2025-06-11T10:01:12","modified_gmt":"2025-06-11T08:01:12","slug":"natural-sites-hiking-figeac","status":"publish","type":"page","link":"https:\/\/www.mercure-viguierfigeac.com\/en\/tourisme-visiter-figeac-et-alentours\/sites-naturels-randonnee-figeac\/","title":{"rendered":"Natural sites"},"content":{"rendered":"<div data-elementor-type=\"wp-page\" data-elementor-id=\"225\" class=\"elementor elementor-225\" data-elementor-post-type=\"page\">\n\t\t\t\t<div class=\"elementor-element elementor-element-32c9d47d e-flex e-con-boxed e-con e-parent\" data-id=\"32c9d47d\" data-element_type=\"container\" data-e-type=\"container\" data-settings=\"{&quot;background_background&quot;:&quot;classic&quot;}\">\n\t\t\t\t\t<div class=\"e-con-inner\">\n\t\t<div class=\"elementor-element elementor-element-201d8b05 e-flex e-con-boxed e-con e-child\" data-id=\"201d8b05\" data-element_type=\"container\" data-e-type=\"container\">\n\t\t\t\t\t<div class=\"e-con-inner\">\n\t\t\t\t<div class=\"elementor-element elementor-element-c062d16 elementor-widget elementor-widget-heading\" data-id=\"c062d16\" data-element_type=\"widget\" data-e-type=\"widget\" data-widget_type=\"heading.default\">\n\t\t\t\t<div class=\"elementor-widget-container\">\n\t\t\t\t\t<h1 class=\"elementor-heading-title elementor-size-default\">Natural sites<\/h1>\t\t\t\t<\/div>\n\t\t\t\t<\/div>\n\t\t\t\t\t<\/div>\n\t\t\t\t<\/div>\n\t\t\t\t\t<\/div>\n\t\t\t\t<\/div>\n\t\t<div class=\"elementor-element elementor-element-2f0ed3ac e-flex e-con-boxed e-con e-parent\" data-id=\"2f0ed3ac\" data-element_type=\"container\" data-e-type=\"container\" data-settings=\"{&quot;background_background&quot;:&quot;classic&quot;}\">\n\t\t\t\t\t<div class=\"e-con-inner\">\n\t\t\t\t<div class=\"elementor-element elementor-element-a8775e3 elementor-widget elementor-widget-image\" data-id=\"a8775e3\" data-element_type=\"widget\" data-e-type=\"widget\" data-widget_type=\"image.default\">\n\t\t\t\t<div class=\"elementor-widget-container\">\n\t\t\t\t\t\t\t\t\t\t\t\t\t\t\t<img decoding=\"async\" width=\"110\" height=\"4\" src=\"https:\/\/www.mercure-viguierfigeac.com\/wp-content\/uploads\/2024\/04\/Groupe-525.svg\" class=\"attachment-full size-full wp-image-86\" alt=\"\" title=\"\">\t\t\t\t\t\t\t\t\t\t\t\t\t\t\t<\/div>\n\t\t\t\t<\/div>\n\t\t\t\t<div class=\"elementor-element elementor-element-3f6d57a0 elementor-widget elementor-widget-heading\" data-id=\"3f6d57a0\" data-element_type=\"widget\" data-e-type=\"widget\" data-widget_type=\"heading.default\">\n\t\t\t\t<div class=\"elementor-widget-container\">\n\t\t\t\t\t<h2 class=\"elementor-heading-title elementor-size-default\">The different natural sites<\/h2>\t\t\t\t<\/div>\n\t\t\t\t<\/div>\n\t\t\t\t<div class=\"elementor-element elementor-element-6d5c5b92 elementor-widget elementor-widget-heading\" data-id=\"6d5c5b92\" data-element_type=\"widget\" data-e-type=\"widget\" data-widget_type=\"heading.default\">\n\t\t\t\t<div class=\"elementor-widget-container\">\n\t\t\t\t\t<h3 class=\"elementor-heading-title elementor-size-default\">on the outskirts of Figeac<\/h3>\t\t\t\t<\/div>\n\t\t\t\t<\/div>\n\t\t<div class=\"elementor-element elementor-element-44bb2cf0 e-con-full e-flex e-con e-child\" data-id=\"44bb2cf0\" data-element_type=\"container\" data-e-type=\"container\" data-settings=\"{&quot;background_background&quot;:&quot;classic&quot;}\">\n\t\t\t\t<div class=\"elementor-element elementor-element-140af70f elementor-absolute elementor-widget elementor-widget-image\" data-id=\"140af70f\" data-element_type=\"widget\" data-e-type=\"widget\" data-settings=\"{&quot;_position&quot;:&quot;absolute&quot;}\" data-widget_type=\"image.default\">\n\t\t\t\t<div class=\"elementor-widget-container\">\n\t\t\t\t\t\t\t\t\t\t\t\t\t\t\t<img fetchpriority=\"high\" decoding=\"async\" width=\"410\" height=\"1353\" src=\"https:\/\/www.mercure-viguierfigeac.com\/wp-content\/uploads\/2024\/04\/Groupe-998-2x.png\" class=\"attachment-full size-full wp-image-108\" alt=\"\" srcset=\"https:\/\/www.mercure-viguierfigeac.com\/wp-content\/uploads\/2024\/04\/Groupe-998-2x.png 410w, https:\/\/www.mercure-viguierfigeac.com\/wp-content\/uploads\/2024\/04\/Groupe-998-2x-91x300.png 91w, https:\/\/www.mercure-viguierfigeac.com\/wp-content\/uploads\/2024\/04\/Groupe-998-2x-310x1024.png 310w, https:\/\/www.mercure-viguierfigeac.com\/wp-content\/uploads\/2024\/04\/Groupe-998-2x-4x12.png 4w\" sizes=\"(max-width: 410px) 100vw, 410px\" title=\"\">\t\t\t\t\t\t\t\t\t\t\t\t\t\t\t<\/div>\n\t\t\t\t<\/div>\n\t\t<div class=\"elementor-element elementor-element-a33a86f e-con-full e-flex e-con e-child\" data-id=\"a33a86f\" data-element_type=\"container\" data-e-type=\"container\" data-settings=\"{&quot;background_background&quot;:&quot;classic&quot;}\">\n\t\t\t\t<div class=\"elementor-element elementor-element-728b72de elementor-widget elementor-widget-image\" data-id=\"728b72de\" data-element_type=\"widget\" data-e-type=\"widget\" data-widget_type=\"image.default\">\n\t\t\t\t<div class=\"elementor-widget-container\">\n\t\t\t\t\t\t\t\t\t\t\t\t\t\t\t<img decoding=\"async\" width=\"110\" height=\"4\" src=\"https:\/\/www.mercure-viguierfigeac.com\/wp-content\/uploads\/2024\/04\/Groupe-525.svg\" class=\"attachment-full size-full wp-image-86\" alt=\"\" title=\"\">\t\t\t\t\t\t\t\t\t\t\t\t\t\t\t<\/div>\n\t\t\t\t<\/div>\n\t\t\t\t<div class=\"elementor-element elementor-element-870a8d2 elementor-widget elementor-widget-heading\" data-id=\"870a8d2\" data-element_type=\"widget\" data-e-type=\"widget\" data-widget_type=\"heading.default\">\n\t\t\t\t<div class=\"elementor-widget-container\">\n\t\t\t\t\t<h2 class=\"elementor-heading-title elementor-size-default\">The lot<\/h2>\t\t\t\t<\/div>\n\t\t\t\t<\/div>\n\t\t\t\t<div class=\"elementor-element elementor-element-2e6cd836 elementor-widget elementor-widget-heading\" data-id=\"2e6cd836\" data-element_type=\"widget\" data-e-type=\"widget\" data-widget_type=\"heading.default\">\n\t\t\t\t<div class=\"elementor-widget-container\">\n\t\t\t\t\t<h3 class=\"elementor-heading-title elementor-size-default\">and its natural wonders<\/h3>\t\t\t\t<\/div>\n\t\t\t\t<\/div>\n\t\t\t\t<\/div>\n\t\t<div class=\"elementor-element elementor-element-337733b2 e-con-full e-flex e-con e-child\" data-id=\"337733b2\" data-element_type=\"container\" data-e-type=\"container\">\n\t\t\t\t<div class=\"elementor-element elementor-element-9efd3d3 elementor-widget__width-initial elementor-widget-tablet__width-inherit elementor-widget elementor-widget-text-editor\" data-id=\"9efd3d3\" data-element_type=\"widget\" data-e-type=\"widget\" data-widget_type=\"text-editor.default\">\n\t\t\t\t<div class=\"elementor-widget-container\">\n\t\t\t\t\t\t\t\t\t<p>Ideally located in the heart of the Lot department, the small town of Figeac is a central departure point for discovering some of the most famous attractions in the Occitanie region. These include the Gorges du Tarn, the Petite Camargue, the Dordogne Valley, the C\u00e9vennes, Toulouse, the Cit\u00e9 de Carcassonne and the Millau Viaduct...<\/p><p>Set off on a great escape in the Lot!\u00a0<\/p>\t\t\t\t\t\t\t\t<\/div>\n\t\t\t\t<\/div>\n\t\t\t\t<div class=\"elementor-element elementor-element-7170088 elementor-widget elementor-widget-button\" data-id=\"7170088\" data-element_type=\"widget\" data-e-type=\"widget\" data-widget_type=\"button.default\">\n\t\t\t\t<div class=\"elementor-widget-container\">\n\t\t\t\t\t\t\t\t\t<div class=\"elementor-button-wrapper\">\n\t\t\t\t\t<a class=\"elementor-button elementor-button-link elementor-size-sm\" href=\"https:\/\/www.tourisme-figeac.com\/\" rel=\"nofollow noopener\" target=\"_blank\">\n\t\t\t\t\t\t<span class=\"elementor-button-content-wrapper\">\n\t\t\t\t\t\t\t\t\t<span class=\"elementor-button-text\">Find out more <\/span>\n\t\t\t\t\t<\/span>\n\t\t\t\t\t<\/a>\n\t\t\t\t<\/div>\n\t\t\t\t\t\t\t\t<\/div>\n\t\t\t\t<\/div>\n\t\t\t\t<\/div>\n\t\t\t\t<\/div>\n\t\t<div class=\"elementor-element elementor-element-26956596 e-con-full e-flex e-con e-child\" data-id=\"26956596\" data-element_type=\"container\" data-e-type=\"container\">\n\t\t<div class=\"elementor-element elementor-element-18bcfec1 e-con-full e-flex e-con e-child\" data-id=\"18bcfec1\" data-element_type=\"container\" data-e-type=\"container\">\n\t\t\t\t<div class=\"elementor-element elementor-element-2cedb172 elementor-widget__width-inherit elementor-widget elementor-widget-text-editor\" data-id=\"2cedb172\" data-element_type=\"widget\" data-e-type=\"widget\" data-widget_type=\"text-editor.default\">\n\t\t\t\t<div class=\"elementor-widget-container\">\n\t\t\t\t\t\t\t\t\t<p>The Foissac cave is a prehistoric cave just 15 minutes' drive south of Figeac. It's a real plunge into the heart of the earth and history that awaits you. It's a place where you can observe special mineral features and see many traces of prehistoric occupation. Objects such as pottery and animal bones can also be seen on site. Nearly 400 metres of underground passageways await you.<\/p>\t\t\t\t\t\t\t\t<\/div>\n\t\t\t\t<\/div>\n\t\t\t\t<\/div>\n\t\t<div class=\"elementor-element elementor-element-73dc9dfe e-con-full e-flex e-con e-child\" data-id=\"73dc9dfe\" data-element_type=\"container\" data-e-type=\"container\" data-settings=\"{&quot;background_background&quot;:&quot;classic&quot;}\">\n\t\t\t\t<div class=\"elementor-element elementor-element-25542d29 elementor-widget elementor-widget-image\" data-id=\"25542d29\" data-element_type=\"widget\" data-e-type=\"widget\" data-widget_type=\"image.default\">\n\t\t\t\t<div class=\"elementor-widget-container\">\n\t\t\t\t\t\t\t\t\t\t\t\t\t\t\t<img decoding=\"async\" width=\"110\" height=\"4\" src=\"https:\/\/www.mercure-viguierfigeac.com\/wp-content\/uploads\/2024\/04\/Groupe-525.svg\" class=\"attachment-full size-full wp-image-86\" alt=\"\" title=\"\">\t\t\t\t\t\t\t\t\t\t\t\t\t\t\t<\/div>\n\t\t\t\t<\/div>\n\t\t\t\t<div class=\"elementor-element elementor-element-398e841e elementor-widget elementor-widget-heading\" data-id=\"398e841e\" data-element_type=\"widget\" data-e-type=\"widget\" data-widget_type=\"heading.default\">\n\t\t\t\t<div class=\"elementor-widget-container\">\n\t\t\t\t\t<h2 class=\"elementor-heading-title elementor-size-default\">Foissac cave<\/h2>\t\t\t\t<\/div>\n\t\t\t\t<\/div>\n\t\t\t\t<div class=\"elementor-element elementor-element-3cd46052 elementor-widget elementor-widget-heading\" data-id=\"3cd46052\" data-element_type=\"widget\" data-e-type=\"widget\" data-widget_type=\"heading.default\">\n\t\t\t\t<div class=\"elementor-widget-container\">\n\t\t\t\t\t<h3 class=\"elementor-heading-title elementor-size-default\">Diving into the heart of the earth<\/h3>\t\t\t\t<\/div>\n\t\t\t\t<\/div>\n\t\t\t\t<div class=\"elementor-element elementor-element-4a77756b elementor-absolute elementor-widget elementor-widget-image\" data-id=\"4a77756b\" data-element_type=\"widget\" data-e-type=\"widget\" data-settings=\"{&quot;_position&quot;:&quot;absolute&quot;}\" data-widget_type=\"image.default\">\n\t\t\t\t<div class=\"elementor-widget-container\">\n\t\t\t\t\t\t\t\t\t\t\t\t\t\t\t<img fetchpriority=\"high\" decoding=\"async\" width=\"410\" height=\"1353\" src=\"https:\/\/www.mercure-viguierfigeac.com\/wp-content\/uploads\/2024\/04\/Groupe-998-2x.png\" class=\"attachment-full size-full wp-image-108\" alt=\"\" srcset=\"https:\/\/www.mercure-viguierfigeac.com\/wp-content\/uploads\/2024\/04\/Groupe-998-2x.png 410w, https:\/\/www.mercure-viguierfigeac.com\/wp-content\/uploads\/2024\/04\/Groupe-998-2x-91x300.png 91w, https:\/\/www.mercure-viguierfigeac.com\/wp-content\/uploads\/2024\/04\/Groupe-998-2x-310x1024.png 310w, https:\/\/www.mercure-viguierfigeac.com\/wp-content\/uploads\/2024\/04\/Groupe-998-2x-4x12.png 4w\" sizes=\"(max-width: 410px) 100vw, 410px\" title=\"\">\t\t\t\t\t\t\t\t\t\t\t\t\t\t\t<\/div>\n\t\t\t\t<\/div>\n\t\t\t\t<\/div>\n\t\t\t\t<\/div>\n\t\t<div class=\"elementor-element elementor-element-2541dd88 e-con-full bg-white e-flex e-con e-child\" data-id=\"2541dd88\" data-element_type=\"container\" data-e-type=\"container\">\n\t\t<div class=\"elementor-element elementor-element-5c6225c2 e-con-full e-flex e-con e-child\" data-id=\"5c6225c2\" data-element_type=\"container\" data-e-type=\"container\" data-settings=\"{&quot;background_background&quot;:&quot;classic&quot;}\">\n\t\t\t\t<div class=\"elementor-element elementor-element-12a40011 elementor-absolute elementor-widget elementor-widget-image\" data-id=\"12a40011\" data-element_type=\"widget\" data-e-type=\"widget\" data-settings=\"{&quot;_position&quot;:&quot;absolute&quot;}\" data-widget_type=\"image.default\">\n\t\t\t\t<div class=\"elementor-widget-container\">\n\t\t\t\t\t\t\t\t\t\t\t\t\t\t\t<img fetchpriority=\"high\" decoding=\"async\" width=\"410\" height=\"1353\" src=\"https:\/\/www.mercure-viguierfigeac.com\/wp-content\/uploads\/2024\/04\/Groupe-998-2x.png\" class=\"attachment-full size-full wp-image-108\" alt=\"\" srcset=\"https:\/\/www.mercure-viguierfigeac.com\/wp-content\/uploads\/2024\/04\/Groupe-998-2x.png 410w, https:\/\/www.mercure-viguierfigeac.com\/wp-content\/uploads\/2024\/04\/Groupe-998-2x-91x300.png 91w, https:\/\/www.mercure-viguierfigeac.com\/wp-content\/uploads\/2024\/04\/Groupe-998-2x-310x1024.png 310w, https:\/\/www.mercure-viguierfigeac.com\/wp-content\/uploads\/2024\/04\/Groupe-998-2x-4x12.png 4w\" sizes=\"(max-width: 410px) 100vw, 410px\" title=\"\">\t\t\t\t\t\t\t\t\t\t\t\t\t\t\t<\/div>\n\t\t\t\t<\/div>\n\t\t\t\t<div class=\"elementor-element elementor-element-74365e4f elementor-widget elementor-widget-image\" data-id=\"74365e4f\" data-element_type=\"widget\" data-e-type=\"widget\" data-widget_type=\"image.default\">\n\t\t\t\t<div class=\"elementor-widget-container\">\n\t\t\t\t\t\t\t\t\t\t\t\t\t\t\t<img decoding=\"async\" width=\"110\" height=\"4\" src=\"https:\/\/www.mercure-viguierfigeac.com\/wp-content\/uploads\/2024\/04\/Groupe-525.svg\" class=\"attachment-full size-full wp-image-86\" alt=\"\" title=\"\">\t\t\t\t\t\t\t\t\t\t\t\t\t\t\t<\/div>\n\t\t\t\t<\/div>\n\t\t\t\t<div class=\"elementor-element elementor-element-3207163f elementor-widget elementor-widget-heading\" data-id=\"3207163f\" data-element_type=\"widget\" data-e-type=\"widget\" data-widget_type=\"heading.default\">\n\t\t\t\t<div class=\"elementor-widget-container\">\n\t\t\t\t\t<h2 class=\"elementor-heading-title elementor-size-default\">Padirac chasm<\/h2>\t\t\t\t<\/div>\n\t\t\t\t<\/div>\n\t\t\t\t<div class=\"elementor-element elementor-element-241a11bd elementor-widget elementor-widget-heading\" data-id=\"241a11bd\" data-element_type=\"widget\" data-e-type=\"widget\" data-widget_type=\"heading.default\">\n\t\t\t\t<div class=\"elementor-widget-container\">\n\t\t\t\t\t<h3 class=\"elementor-heading-title elementor-size-default\">&amp; its underground river<\/h3>\t\t\t\t<\/div>\n\t\t\t\t<\/div>\n\t\t\t\t<\/div>\n\t\t<div class=\"elementor-element elementor-element-382e4453 e-con-full e-flex e-con e-child\" data-id=\"382e4453\" data-element_type=\"container\" data-e-type=\"container\">\n\t\t\t\t<div class=\"elementor-element elementor-element-1548644e elementor-widget__width-inherit elementor-widget elementor-widget-text-editor\" data-id=\"1548644e\" data-element_type=\"widget\" data-e-type=\"widget\" data-widget_type=\"text-editor.default\">\n\t\t\t\t<div class=\"elementor-widget-container\">\n\t\t\t\t\t\t\t\t\t<p>Between discovery and spectacle, the Gouffre de Padirac is an incredible underground adventure. The visit begins with a 75-metre shaft that takes you to the deepest part of the Earth. Aboard a boat, you will follow a river at a depth of around one hundred metres for 1 km, through a succession of narrow passages and vaulted chambers. Immersing yourself in the Gouffre de Padirac is guaranteed to take your breath away and teach you a little more about the history of this unique geological feature.<br \/><br \/>But there are many wonderful natural sites to discover, whether you drive to them or hike from Figeac, such as the GR6 linking the town to Souillac, the Boucle de Lunan, or the Fraysse at Lissac-et-Mouret. There are many other walks not far from Figeac.<\/p>\t\t\t\t\t\t\t\t<\/div>\n\t\t\t\t<\/div>\n\t\t\t\t<\/div>\n\t\t\t\t<\/div>\n\t\t<div class=\"elementor-element elementor-element-d97a666 e-con-full e-flex e-con e-child\" data-id=\"d97a666\" data-element_type=\"container\" data-e-type=\"container\" data-settings=\"{&quot;background_background&quot;:&quot;classic&quot;}\">\n\t\t\t\t<div class=\"elementor-element elementor-element-5b2e2a8 elementor-absolute elementor-widget elementor-widget-image\" data-id=\"5b2e2a8\" data-element_type=\"widget\" data-e-type=\"widget\" data-settings=\"{&quot;_position&quot;:&quot;absolute&quot;}\" data-widget_type=\"image.default\">\n\t\t\t\t<div class=\"elementor-widget-container\">\n\t\t\t\t\t\t\t\t\t\t\t\t\t\t\t<img fetchpriority=\"high\" decoding=\"async\" width=\"410\" height=\"1353\" src=\"https:\/\/www.mercure-viguierfigeac.com\/wp-content\/uploads\/2024\/04\/Groupe-998-2x.png\" class=\"attachment-full size-full wp-image-108\" alt=\"\" srcset=\"https:\/\/www.mercure-viguierfigeac.com\/wp-content\/uploads\/2024\/04\/Groupe-998-2x.png 410w, https:\/\/www.mercure-viguierfigeac.com\/wp-content\/uploads\/2024\/04\/Groupe-998-2x-91x300.png 91w, https:\/\/www.mercure-viguierfigeac.com\/wp-content\/uploads\/2024\/04\/Groupe-998-2x-310x1024.png 310w, https:\/\/www.mercure-viguierfigeac.com\/wp-content\/uploads\/2024\/04\/Groupe-998-2x-4x12.png 4w\" sizes=\"(max-width: 410px) 100vw, 410px\" title=\"\">\t\t\t\t\t\t\t\t\t\t\t\t\t\t\t<\/div>\n\t\t\t\t<\/div>\n\t\t<div class=\"elementor-element elementor-element-50ff37a e-con-full e-flex e-con e-child\" data-id=\"50ff37a\" data-element_type=\"container\" data-e-type=\"container\" data-settings=\"{&quot;background_background&quot;:&quot;classic&quot;}\">\n\t\t\t\t<div class=\"elementor-element elementor-element-957ac73 elementor-widget elementor-widget-image\" data-id=\"957ac73\" data-element_type=\"widget\" data-e-type=\"widget\" data-widget_type=\"image.default\">\n\t\t\t\t<div class=\"elementor-widget-container\">\n\t\t\t\t\t\t\t\t\t\t\t\t\t\t\t<img decoding=\"async\" width=\"110\" height=\"4\" src=\"https:\/\/www.mercure-viguierfigeac.com\/wp-content\/uploads\/2024\/04\/Groupe-525.svg\" class=\"attachment-full size-full wp-image-86\" alt=\"\" title=\"\">\t\t\t\t\t\t\t\t\t\t\t\t\t\t\t<\/div>\n\t\t\t\t<\/div>\n\t\t\t\t<div class=\"elementor-element elementor-element-b57d70e elementor-widget elementor-widget-heading\" data-id=\"b57d70e\" data-element_type=\"widget\" data-e-type=\"widget\" data-widget_type=\"heading.default\">\n\t\t\t\t<div class=\"elementor-widget-container\">\n\t\t\t\t\t<h2 class=\"elementor-heading-title elementor-size-default\">causses du quercy regional nature park<\/h2>\t\t\t\t<\/div>\n\t\t\t\t<\/div>\n\t\t\t\t<\/div>\n\t\t<div class=\"elementor-element elementor-element-9d2b0e0 e-con-full e-flex e-con e-child\" data-id=\"9d2b0e0\" data-element_type=\"container\" data-e-type=\"container\">\n\t\t\t\t<div class=\"elementor-element elementor-element-2f02873 elementor-widget__width-initial elementor-widget-tablet__width-inherit elementor-widget elementor-widget-text-editor\" data-id=\"2f02873\" data-element_type=\"widget\" data-e-type=\"widget\" data-widget_type=\"text-editor.default\">\n\t\t\t\t<div class=\"elementor-widget-container\">\n\t\t\t\t\t\t\t\t\t<p>Composed of\u00a0<strong>villages<\/strong> This is a living, breathing, forward-looking area. Just 45 minutes from the hotel, it offers an exceptional setting for your escapades.<br \/>In 1999, it was awarded the Regional Nature Park label, and in May 2017, it was awarded the \"Parc Naturel R\u00e9gional\" label.\u00a0<strong>Unesco World Geopark<\/strong>.<\/p><p>Numerous walks will enable you to discover all the curiosities of this geopark, its remarkable built heritage and its astonishing nature.<\/p>\t\t\t\t\t\t\t\t<\/div>\n\t\t\t\t<\/div>\n\t\t\t\t<\/div>\n\t\t\t\t<\/div>\n\t\t\t\t\t<\/div>\n\t\t\t\t<\/div>\n\t\t\t\t<\/div>","protected":false},"excerpt":{"rendered":"<p>Sites naturels Les diff\u00e9rents sites naturels aux abords de Figeac Le lot et ses merveilles naturelles Id\u00e9alement plac\u00e9e au c\u0153ur du Lot, la petite ville de Figeac est un point de d\u00e9part central pour d\u00e9couvrir quelques-uns des incontournables les plus c\u00e9l\u00e8bres d\u2019Occitanie. Parmi eux, les Gorges du Tarn, la Petite Camargue, la Vall\u00e9e de la [&hellip;]<\/p>\n","protected":false},"author":5,"featured_media":229,"parent":238,"menu_order":0,"comment_status":"closed","ping_status":"closed","template":"","meta":{"inline_featured_image":false,"footnotes":""},"class_list":["post-225","page","type-page","status-publish","has-post-thumbnail","hentry"],"_links":{"self":[{"href":"https:\/\/www.mercure-viguierfigeac.com\/en\/wp-json\/wp\/v2\/pages\/225","targetHints":{"allow":["GET"]}}],"collection":[{"href":"https:\/\/www.mercure-viguierfigeac.com\/en\/wp-json\/wp\/v2\/pages"}],"about":[{"href":"https:\/\/www.mercure-viguierfigeac.com\/en\/wp-json\/wp\/v2\/types\/page"}],"author":[{"embeddable":true,"href":"https:\/\/www.mercure-viguierfigeac.com\/en\/wp-json\/wp\/v2\/users\/5"}],"replies":[{"embeddable":true,"href":"https:\/\/www.mercure-viguierfigeac.com\/en\/wp-json\/wp\/v2\/comments?post=225"}],"version-history":[{"count":43,"href":"https:\/\/www.mercure-viguierfigeac.com\/en\/wp-json\/wp\/v2\/pages\/225\/revisions"}],"predecessor-version":[{"id":2085,"href":"https:\/\/www.mercure-viguierfigeac.com\/en\/wp-json\/wp\/v2\/pages\/225\/revisions\/2085"}],"up":[{"embeddable":true,"href":"https:\/\/www.mercure-viguierfigeac.com\/en\/wp-json\/wp\/v2\/pages\/238"}],"wp:featuredmedia":[{"embeddable":true,"href":"https:\/\/www.mercure-viguierfigeac.com\/en\/wp-json\/wp\/v2\/media\/229"}],"wp:attachment":[{"href":"https:\/\/www.mercure-viguierfigeac.com\/en\/wp-json\/wp\/v2\/media?parent=225"}],"curies":[{"name":"wp","href":"https:\/\/api.w.org\/{rel}","templated":true}]}}