{"id":225,"date":"2024-04-03T16:14:27","date_gmt":"2024-04-03T14:14:27","guid":{"rendered":"https:\/\/www.mercure-viguierfigeac.com\/sites-naturels\/"},"modified":"2025-06-11T10:01:12","modified_gmt":"2025-06-11T08:01:12","slug":"naturschauplatze-wandern-figeac","status":"publish","type":"page","link":"https:\/\/www.mercure-viguierfigeac.com\/de\/tourisme-visiter-figeac-et-alentours\/sites-naturels-randonnee-figeac\/","title":{"rendered":"Nat\u00fcrliche Standorte"},"content":{"rendered":"<div data-elementor-type=\"wp-page\" data-elementor-id=\"225\" class=\"elementor elementor-225\" data-elementor-post-type=\"page\">\n\t\t\t\t<div class=\"elementor-element elementor-element-32c9d47d e-flex e-con-boxed e-con e-parent\" data-id=\"32c9d47d\" data-element_type=\"container\" data-e-type=\"container\" data-settings=\"{&quot;background_background&quot;:&quot;classic&quot;}\">\n\t\t\t\t\t<div class=\"e-con-inner\">\n\t\t<div class=\"elementor-element elementor-element-201d8b05 e-flex e-con-boxed e-con e-child\" data-id=\"201d8b05\" data-element_type=\"container\" data-e-type=\"container\">\n\t\t\t\t\t<div class=\"e-con-inner\">\n\t\t\t\t<div class=\"elementor-element elementor-element-c062d16 elementor-widget elementor-widget-heading\" data-id=\"c062d16\" data-element_type=\"widget\" data-e-type=\"widget\" data-widget_type=\"heading.default\">\n\t\t\t\t<div class=\"elementor-widget-container\">\n\t\t\t\t\t<h1 class=\"elementor-heading-title elementor-size-default\">Nat\u00fcrliche Standorte<\/h1>\t\t\t\t<\/div>\n\t\t\t\t<\/div>\n\t\t\t\t\t<\/div>\n\t\t\t\t<\/div>\n\t\t\t\t\t<\/div>\n\t\t\t\t<\/div>\n\t\t<div class=\"elementor-element elementor-element-2f0ed3ac e-flex e-con-boxed e-con e-parent\" data-id=\"2f0ed3ac\" data-element_type=\"container\" data-e-type=\"container\" data-settings=\"{&quot;background_background&quot;:&quot;classic&quot;}\">\n\t\t\t\t\t<div class=\"e-con-inner\">\n\t\t\t\t<div class=\"elementor-element elementor-element-a8775e3 elementor-widget elementor-widget-image\" data-id=\"a8775e3\" data-element_type=\"widget\" data-e-type=\"widget\" data-widget_type=\"image.default\">\n\t\t\t\t<div class=\"elementor-widget-container\">\n\t\t\t\t\t\t\t\t\t\t\t\t\t\t\t<img decoding=\"async\" width=\"110\" height=\"4\" src=\"https:\/\/www.mercure-viguierfigeac.com\/wp-content\/uploads\/2024\/04\/Groupe-525.svg\" class=\"attachment-full size-full wp-image-86\" alt=\"\" title=\"\">\t\t\t\t\t\t\t\t\t\t\t\t\t\t\t<\/div>\n\t\t\t\t<\/div>\n\t\t\t\t<div class=\"elementor-element elementor-element-3f6d57a0 elementor-widget elementor-widget-heading\" data-id=\"3f6d57a0\" data-element_type=\"widget\" data-e-type=\"widget\" data-widget_type=\"heading.default\">\n\t\t\t\t<div class=\"elementor-widget-container\">\n\t\t\t\t\t<h2 class=\"elementor-heading-title elementor-size-default\">Die verschiedenen Naturgebiete<\/h2>\t\t\t\t<\/div>\n\t\t\t\t<\/div>\n\t\t\t\t<div class=\"elementor-element elementor-element-6d5c5b92 elementor-widget elementor-widget-heading\" data-id=\"6d5c5b92\" data-element_type=\"widget\" data-e-type=\"widget\" data-widget_type=\"heading.default\">\n\t\t\t\t<div class=\"elementor-widget-container\">\n\t\t\t\t\t<h3 class=\"elementor-heading-title elementor-size-default\">in der Umgebung von Figeac<\/h3>\t\t\t\t<\/div>\n\t\t\t\t<\/div>\n\t\t<div class=\"elementor-element elementor-element-44bb2cf0 e-con-full e-flex e-con e-child\" data-id=\"44bb2cf0\" data-element_type=\"container\" data-e-type=\"container\" data-settings=\"{&quot;background_background&quot;:&quot;classic&quot;}\">\n\t\t\t\t<div class=\"elementor-element elementor-element-140af70f elementor-absolute elementor-widget elementor-widget-image\" data-id=\"140af70f\" data-element_type=\"widget\" data-e-type=\"widget\" data-settings=\"{&quot;_position&quot;:&quot;absolute&quot;}\" data-widget_type=\"image.default\">\n\t\t\t\t<div class=\"elementor-widget-container\">\n\t\t\t\t\t\t\t\t\t\t\t\t\t\t\t<img fetchpriority=\"high\" decoding=\"async\" width=\"410\" height=\"1353\" src=\"https:\/\/www.mercure-viguierfigeac.com\/wp-content\/uploads\/2024\/04\/Groupe-998-2x.png\" class=\"attachment-full size-full wp-image-108\" alt=\"\" srcset=\"https:\/\/www.mercure-viguierfigeac.com\/wp-content\/uploads\/2024\/04\/Groupe-998-2x.png 410w, https:\/\/www.mercure-viguierfigeac.com\/wp-content\/uploads\/2024\/04\/Groupe-998-2x-91x300.png 91w, https:\/\/www.mercure-viguierfigeac.com\/wp-content\/uploads\/2024\/04\/Groupe-998-2x-310x1024.png 310w, https:\/\/www.mercure-viguierfigeac.com\/wp-content\/uploads\/2024\/04\/Groupe-998-2x-4x12.png 4w\" sizes=\"(max-width: 410px) 100vw, 410px\" title=\"\">\t\t\t\t\t\t\t\t\t\t\t\t\t\t\t<\/div>\n\t\t\t\t<\/div>\n\t\t<div class=\"elementor-element elementor-element-a33a86f e-con-full e-flex e-con e-child\" data-id=\"a33a86f\" data-element_type=\"container\" data-e-type=\"container\" data-settings=\"{&quot;background_background&quot;:&quot;classic&quot;}\">\n\t\t\t\t<div class=\"elementor-element elementor-element-728b72de elementor-widget elementor-widget-image\" data-id=\"728b72de\" data-element_type=\"widget\" data-e-type=\"widget\" data-widget_type=\"image.default\">\n\t\t\t\t<div class=\"elementor-widget-container\">\n\t\t\t\t\t\t\t\t\t\t\t\t\t\t\t<img decoding=\"async\" width=\"110\" height=\"4\" src=\"https:\/\/www.mercure-viguierfigeac.com\/wp-content\/uploads\/2024\/04\/Groupe-525.svg\" class=\"attachment-full size-full wp-image-86\" alt=\"\" title=\"\">\t\t\t\t\t\t\t\t\t\t\t\t\t\t\t<\/div>\n\t\t\t\t<\/div>\n\t\t\t\t<div class=\"elementor-element elementor-element-870a8d2 elementor-widget elementor-widget-heading\" data-id=\"870a8d2\" data-element_type=\"widget\" data-e-type=\"widget\" data-widget_type=\"heading.default\">\n\t\t\t\t<div class=\"elementor-widget-container\">\n\t\t\t\t\t<h2 class=\"elementor-heading-title elementor-size-default\">Das Los<\/h2>\t\t\t\t<\/div>\n\t\t\t\t<\/div>\n\t\t\t\t<div class=\"elementor-element elementor-element-2e6cd836 elementor-widget elementor-widget-heading\" data-id=\"2e6cd836\" data-element_type=\"widget\" data-e-type=\"widget\" data-widget_type=\"heading.default\">\n\t\t\t\t<div class=\"elementor-widget-container\">\n\t\t\t\t\t<h3 class=\"elementor-heading-title elementor-size-default\">und seine Naturwunder<\/h3>\t\t\t\t<\/div>\n\t\t\t\t<\/div>\n\t\t\t\t<\/div>\n\t\t<div class=\"elementor-element elementor-element-337733b2 e-con-full e-flex e-con e-child\" data-id=\"337733b2\" data-element_type=\"container\" data-e-type=\"container\">\n\t\t\t\t<div class=\"elementor-element elementor-element-9efd3d3 elementor-widget__width-initial elementor-widget-tablet__width-inherit elementor-widget elementor-widget-text-editor\" data-id=\"9efd3d3\" data-element_type=\"widget\" data-e-type=\"widget\" data-widget_type=\"text-editor.default\">\n\t\t\t\t<div class=\"elementor-widget-container\">\n\t\t\t\t\t\t\t\t\t<p>Die kleine Stadt Figeac liegt ideal im Herzen des Lot und ist ein zentraler Ausgangspunkt, um einige der ber\u00fchmtesten Sehensw\u00fcrdigkeiten von Okzitanien zu entdecken. Dazu geh\u00f6ren die Gorges du Tarn, die Petite Camargue, das Dordogne-Tal, die Cevennen, Toulouse, die Cit\u00e9 de Carcassonne oder das Viadukt von Millau....<\/p><p>Machen Sie eine gro\u00dfe Flucht in den Lot!\u00a0<\/p>\t\t\t\t\t\t\t\t<\/div>\n\t\t\t\t<\/div>\n\t\t\t\t<div class=\"elementor-element elementor-element-7170088 elementor-widget elementor-widget-button\" data-id=\"7170088\" data-element_type=\"widget\" data-e-type=\"widget\" data-widget_type=\"button.default\">\n\t\t\t\t<div class=\"elementor-widget-container\">\n\t\t\t\t\t\t\t\t\t<div class=\"elementor-button-wrapper\">\n\t\t\t\t\t<a class=\"elementor-button elementor-button-link elementor-size-sm\" href=\"https:\/\/www.tourisme-figeac.com\/\" rel=\"nofollow noopener\" target=\"_blank\">\n\t\t\t\t\t\t<span class=\"elementor-button-content-wrapper\">\n\t\t\t\t\t\t\t\t\t<span class=\"elementor-button-text\">Weitere Informationen <\/span>\n\t\t\t\t\t<\/span>\n\t\t\t\t\t<\/a>\n\t\t\t\t<\/div>\n\t\t\t\t\t\t\t\t<\/div>\n\t\t\t\t<\/div>\n\t\t\t\t<\/div>\n\t\t\t\t<\/div>\n\t\t<div class=\"elementor-element elementor-element-26956596 e-con-full e-flex e-con e-child\" data-id=\"26956596\" data-element_type=\"container\" data-e-type=\"container\">\n\t\t<div class=\"elementor-element elementor-element-18bcfec1 e-con-full e-flex e-con e-child\" data-id=\"18bcfec1\" data-element_type=\"container\" data-e-type=\"container\">\n\t\t\t\t<div class=\"elementor-element elementor-element-2cedb172 elementor-widget__width-inherit elementor-widget elementor-widget-text-editor\" data-id=\"2cedb172\" data-element_type=\"widget\" data-e-type=\"widget\" data-widget_type=\"text-editor.default\">\n\t\t\t\t<div class=\"elementor-widget-container\">\n\t\t\t\t\t\t\t\t\t<p>Die Grotte de Foissac ist eine pr\u00e4historische H\u00f6hle, die nur 15 Autominuten s\u00fcdlich von Figeac liegt. Es erwartet Sie eine wahre Reise ins Herz der Erde und der Geschichte. Die H\u00f6hle ist ein Ort der Beobachtung von mineralischen Besonderheiten und zeugt von zahlreichen \u00dcberresten pr\u00e4historischer Besiedlung. Auch Gegenst\u00e4nde wie T\u00f6pferwaren und Tierknochen sind vor Ort zu sehen. Fast 400 Meter unterirdischer Raum stehen Ihnen zur Verf\u00fcgung.<\/p>\t\t\t\t\t\t\t\t<\/div>\n\t\t\t\t<\/div>\n\t\t\t\t<\/div>\n\t\t<div class=\"elementor-element elementor-element-73dc9dfe e-con-full e-flex e-con e-child\" data-id=\"73dc9dfe\" data-element_type=\"container\" data-e-type=\"container\" data-settings=\"{&quot;background_background&quot;:&quot;classic&quot;}\">\n\t\t\t\t<div class=\"elementor-element elementor-element-25542d29 elementor-widget elementor-widget-image\" data-id=\"25542d29\" data-element_type=\"widget\" data-e-type=\"widget\" data-widget_type=\"image.default\">\n\t\t\t\t<div class=\"elementor-widget-container\">\n\t\t\t\t\t\t\t\t\t\t\t\t\t\t\t<img decoding=\"async\" width=\"110\" height=\"4\" src=\"https:\/\/www.mercure-viguierfigeac.com\/wp-content\/uploads\/2024\/04\/Groupe-525.svg\" class=\"attachment-full size-full wp-image-86\" alt=\"\" title=\"\">\t\t\t\t\t\t\t\t\t\t\t\t\t\t\t<\/div>\n\t\t\t\t<\/div>\n\t\t\t\t<div class=\"elementor-element elementor-element-398e841e elementor-widget elementor-widget-heading\" data-id=\"398e841e\" data-element_type=\"widget\" data-e-type=\"widget\" data-widget_type=\"heading.default\">\n\t\t\t\t<div class=\"elementor-widget-container\">\n\t\t\t\t\t<h2 class=\"elementor-heading-title elementor-size-default\">H\u00f6hle von Foissac<\/h2>\t\t\t\t<\/div>\n\t\t\t\t<\/div>\n\t\t\t\t<div class=\"elementor-element elementor-element-3cd46052 elementor-widget elementor-widget-heading\" data-id=\"3cd46052\" data-element_type=\"widget\" data-e-type=\"widget\" data-widget_type=\"heading.default\">\n\t\t\t\t<div class=\"elementor-widget-container\">\n\t\t\t\t\t<h3 class=\"elementor-heading-title elementor-size-default\">Tauchen Sie ein in das Herz der Erde<\/h3>\t\t\t\t<\/div>\n\t\t\t\t<\/div>\n\t\t\t\t<div class=\"elementor-element elementor-element-4a77756b elementor-absolute elementor-widget elementor-widget-image\" data-id=\"4a77756b\" data-element_type=\"widget\" data-e-type=\"widget\" data-settings=\"{&quot;_position&quot;:&quot;absolute&quot;}\" data-widget_type=\"image.default\">\n\t\t\t\t<div class=\"elementor-widget-container\">\n\t\t\t\t\t\t\t\t\t\t\t\t\t\t\t<img fetchpriority=\"high\" decoding=\"async\" width=\"410\" height=\"1353\" src=\"https:\/\/www.mercure-viguierfigeac.com\/wp-content\/uploads\/2024\/04\/Groupe-998-2x.png\" class=\"attachment-full size-full wp-image-108\" alt=\"\" srcset=\"https:\/\/www.mercure-viguierfigeac.com\/wp-content\/uploads\/2024\/04\/Groupe-998-2x.png 410w, https:\/\/www.mercure-viguierfigeac.com\/wp-content\/uploads\/2024\/04\/Groupe-998-2x-91x300.png 91w, https:\/\/www.mercure-viguierfigeac.com\/wp-content\/uploads\/2024\/04\/Groupe-998-2x-310x1024.png 310w, https:\/\/www.mercure-viguierfigeac.com\/wp-content\/uploads\/2024\/04\/Groupe-998-2x-4x12.png 4w\" sizes=\"(max-width: 410px) 100vw, 410px\" title=\"\">\t\t\t\t\t\t\t\t\t\t\t\t\t\t\t<\/div>\n\t\t\t\t<\/div>\n\t\t\t\t<\/div>\n\t\t\t\t<\/div>\n\t\t<div class=\"elementor-element elementor-element-2541dd88 e-con-full bg-white e-flex e-con e-child\" data-id=\"2541dd88\" data-element_type=\"container\" data-e-type=\"container\">\n\t\t<div class=\"elementor-element elementor-element-5c6225c2 e-con-full e-flex e-con e-child\" data-id=\"5c6225c2\" data-element_type=\"container\" data-e-type=\"container\" data-settings=\"{&quot;background_background&quot;:&quot;classic&quot;}\">\n\t\t\t\t<div class=\"elementor-element elementor-element-12a40011 elementor-absolute elementor-widget elementor-widget-image\" data-id=\"12a40011\" data-element_type=\"widget\" data-e-type=\"widget\" data-settings=\"{&quot;_position&quot;:&quot;absolute&quot;}\" data-widget_type=\"image.default\">\n\t\t\t\t<div class=\"elementor-widget-container\">\n\t\t\t\t\t\t\t\t\t\t\t\t\t\t\t<img fetchpriority=\"high\" decoding=\"async\" width=\"410\" height=\"1353\" src=\"https:\/\/www.mercure-viguierfigeac.com\/wp-content\/uploads\/2024\/04\/Groupe-998-2x.png\" class=\"attachment-full size-full wp-image-108\" alt=\"\" srcset=\"https:\/\/www.mercure-viguierfigeac.com\/wp-content\/uploads\/2024\/04\/Groupe-998-2x.png 410w, https:\/\/www.mercure-viguierfigeac.com\/wp-content\/uploads\/2024\/04\/Groupe-998-2x-91x300.png 91w, https:\/\/www.mercure-viguierfigeac.com\/wp-content\/uploads\/2024\/04\/Groupe-998-2x-310x1024.png 310w, https:\/\/www.mercure-viguierfigeac.com\/wp-content\/uploads\/2024\/04\/Groupe-998-2x-4x12.png 4w\" sizes=\"(max-width: 410px) 100vw, 410px\" title=\"\">\t\t\t\t\t\t\t\t\t\t\t\t\t\t\t<\/div>\n\t\t\t\t<\/div>\n\t\t\t\t<div class=\"elementor-element elementor-element-74365e4f elementor-widget elementor-widget-image\" data-id=\"74365e4f\" data-element_type=\"widget\" data-e-type=\"widget\" data-widget_type=\"image.default\">\n\t\t\t\t<div class=\"elementor-widget-container\">\n\t\t\t\t\t\t\t\t\t\t\t\t\t\t\t<img decoding=\"async\" width=\"110\" height=\"4\" src=\"https:\/\/www.mercure-viguierfigeac.com\/wp-content\/uploads\/2024\/04\/Groupe-525.svg\" class=\"attachment-full size-full wp-image-86\" alt=\"\" title=\"\">\t\t\t\t\t\t\t\t\t\t\t\t\t\t\t<\/div>\n\t\t\t\t<\/div>\n\t\t\t\t<div class=\"elementor-element elementor-element-3207163f elementor-widget elementor-widget-heading\" data-id=\"3207163f\" data-element_type=\"widget\" data-e-type=\"widget\" data-widget_type=\"heading.default\">\n\t\t\t\t<div class=\"elementor-widget-container\">\n\t\t\t\t\t<h2 class=\"elementor-heading-title elementor-size-default\">Padirac-Schlucht<\/h2>\t\t\t\t<\/div>\n\t\t\t\t<\/div>\n\t\t\t\t<div class=\"elementor-element elementor-element-241a11bd elementor-widget elementor-widget-heading\" data-id=\"241a11bd\" data-element_type=\"widget\" data-e-type=\"widget\" data-widget_type=\"heading.default\">\n\t\t\t\t<div class=\"elementor-widget-container\">\n\t\t\t\t\t<h3 class=\"elementor-heading-title elementor-size-default\">&amp; sein unterirdischer Fluss<\/h3>\t\t\t\t<\/div>\n\t\t\t\t<\/div>\n\t\t\t\t<\/div>\n\t\t<div class=\"elementor-element elementor-element-382e4453 e-con-full e-flex e-con e-child\" data-id=\"382e4453\" data-element_type=\"container\" data-e-type=\"container\">\n\t\t\t\t<div class=\"elementor-element elementor-element-1548644e elementor-widget__width-inherit elementor-widget elementor-widget-text-editor\" data-id=\"1548644e\" data-element_type=\"widget\" data-e-type=\"widget\" data-widget_type=\"text-editor.default\">\n\t\t\t\t<div class=\"elementor-widget-container\">\n\t\t\t\t\t\t\t\t\t<p>Der Gouffre de Padirac ist ein unglaubliches unterirdisches Abenteuer zwischen Entdeckung und Spektakel. Die Besichtigung beginnt mit einem 75 Meter tiefen Schacht, der Sie zum tiefsten Punkt der Erde f\u00fchrt. An Bord eines Bootes folgen Sie einem Fluss in 100 m Tiefe auf 1 km L\u00e4nge, enge Passagen und gew\u00f6lbte S\u00e4le folgen aufeinander. Wenn Sie in den Gouffre de Padirac eintauchen, werden Sie Augen machen und mehr \u00fcber die Geschichte dieser einzigartigen geologischen Besonderheit erfahren.<br \/><br \/>Aber es gibt viele wunderbare Naturgebiete zu entdecken, die Sie mit dem Auto oder auf einer Wanderung von Figeac aus erreichen k\u00f6nnen, wie der GR6, der die Stadt mit Souillac verbindet, die Lunan-Schleife, Fraysse in Lissac-et-Mouret. Es gibt viele Wanderwege in der N\u00e4he von Figeac.<\/p>\t\t\t\t\t\t\t\t<\/div>\n\t\t\t\t<\/div>\n\t\t\t\t<\/div>\n\t\t\t\t<\/div>\n\t\t<div class=\"elementor-element elementor-element-d97a666 e-con-full e-flex e-con e-child\" data-id=\"d97a666\" data-element_type=\"container\" data-e-type=\"container\" data-settings=\"{&quot;background_background&quot;:&quot;classic&quot;}\">\n\t\t\t\t<div class=\"elementor-element elementor-element-5b2e2a8 elementor-absolute elementor-widget elementor-widget-image\" data-id=\"5b2e2a8\" data-element_type=\"widget\" data-e-type=\"widget\" data-settings=\"{&quot;_position&quot;:&quot;absolute&quot;}\" data-widget_type=\"image.default\">\n\t\t\t\t<div class=\"elementor-widget-container\">\n\t\t\t\t\t\t\t\t\t\t\t\t\t\t\t<img fetchpriority=\"high\" decoding=\"async\" width=\"410\" height=\"1353\" src=\"https:\/\/www.mercure-viguierfigeac.com\/wp-content\/uploads\/2024\/04\/Groupe-998-2x.png\" class=\"attachment-full size-full wp-image-108\" alt=\"\" srcset=\"https:\/\/www.mercure-viguierfigeac.com\/wp-content\/uploads\/2024\/04\/Groupe-998-2x.png 410w, https:\/\/www.mercure-viguierfigeac.com\/wp-content\/uploads\/2024\/04\/Groupe-998-2x-91x300.png 91w, https:\/\/www.mercure-viguierfigeac.com\/wp-content\/uploads\/2024\/04\/Groupe-998-2x-310x1024.png 310w, https:\/\/www.mercure-viguierfigeac.com\/wp-content\/uploads\/2024\/04\/Groupe-998-2x-4x12.png 4w\" sizes=\"(max-width: 410px) 100vw, 410px\" title=\"\">\t\t\t\t\t\t\t\t\t\t\t\t\t\t\t<\/div>\n\t\t\t\t<\/div>\n\t\t<div class=\"elementor-element elementor-element-50ff37a e-con-full e-flex e-con e-child\" data-id=\"50ff37a\" data-element_type=\"container\" data-e-type=\"container\" data-settings=\"{&quot;background_background&quot;:&quot;classic&quot;}\">\n\t\t\t\t<div class=\"elementor-element elementor-element-957ac73 elementor-widget elementor-widget-image\" data-id=\"957ac73\" data-element_type=\"widget\" data-e-type=\"widget\" data-widget_type=\"image.default\">\n\t\t\t\t<div class=\"elementor-widget-container\">\n\t\t\t\t\t\t\t\t\t\t\t\t\t\t\t<img decoding=\"async\" width=\"110\" height=\"4\" src=\"https:\/\/www.mercure-viguierfigeac.com\/wp-content\/uploads\/2024\/04\/Groupe-525.svg\" class=\"attachment-full size-full wp-image-86\" alt=\"\" title=\"\">\t\t\t\t\t\t\t\t\t\t\t\t\t\t\t<\/div>\n\t\t\t\t<\/div>\n\t\t\t\t<div class=\"elementor-element elementor-element-b57d70e elementor-widget elementor-widget-heading\" data-id=\"b57d70e\" data-element_type=\"widget\" data-e-type=\"widget\" data-widget_type=\"heading.default\">\n\t\t\t\t<div class=\"elementor-widget-container\">\n\t\t\t\t\t<h2 class=\"elementor-heading-title elementor-size-default\">Regionaler Naturpark der Causses du Quercy<\/h2>\t\t\t\t<\/div>\n\t\t\t\t<\/div>\n\t\t\t\t<\/div>\n\t\t<div class=\"elementor-element elementor-element-9d2b0e0 e-con-full e-flex e-con e-child\" data-id=\"9d2b0e0\" data-element_type=\"container\" data-e-type=\"container\">\n\t\t\t\t<div class=\"elementor-element elementor-element-2f02873 elementor-widget__width-initial elementor-widget-tablet__width-inherit elementor-widget elementor-widget-text-editor\" data-id=\"2f02873\" data-element_type=\"widget\" data-e-type=\"widget\" data-widget_type=\"text-editor.default\">\n\t\t\t\t<div class=\"elementor-widget-container\">\n\t\t\t\t\t\t\t\t\t<p>Besteht aus\u00a0<strong>D\u00f6rfer<\/strong> und D\u00f6rfern ist es ein bewohnter, lebendiger und zukunftsorientierter Raum. Er liegt nur 45 Minuten vom Hotel entfernt und bietet einen au\u00dfergew\u00f6hnlichen Rahmen f\u00fcr Ihre Ausfl\u00fcge.<br \/>Im Jahr 1999 erhielt er das Label Regionaler Naturpark und im Mai 2017 wurde er mit dem Label\u00a0<strong>Unesco Global Geopark<\/strong>.<\/p><p>Zahlreiche Wanderungen erm\u00f6glichen es Ihnen, alle Sehensw\u00fcrdigkeiten dieses Geoparks, sein bemerkenswertes bauliches Erbe und seine erstaunliche Natur zu entdecken.<\/p>\t\t\t\t\t\t\t\t<\/div>\n\t\t\t\t<\/div>\n\t\t\t\t<\/div>\n\t\t\t\t<\/div>\n\t\t\t\t\t<\/div>\n\t\t\t\t<\/div>\n\t\t\t\t<\/div>","protected":false},"excerpt":{"rendered":"<p>Sites naturels Les diff\u00e9rents sites naturels aux abords de Figeac Le lot et ses merveilles naturelles Id\u00e9alement plac\u00e9e au c\u0153ur du Lot, la petite ville de Figeac est un point de d\u00e9part central pour d\u00e9couvrir quelques-uns des incontournables les plus c\u00e9l\u00e8bres d\u2019Occitanie. Parmi eux, les Gorges du Tarn, la Petite Camargue, la Vall\u00e9e de la [&hellip;]<\/p>\n","protected":false},"author":5,"featured_media":229,"parent":238,"menu_order":0,"comment_status":"closed","ping_status":"closed","template":"","meta":{"inline_featured_image":false,"footnotes":""},"class_list":["post-225","page","type-page","status-publish","has-post-thumbnail","hentry"],"_links":{"self":[{"href":"https:\/\/www.mercure-viguierfigeac.com\/de\/wp-json\/wp\/v2\/pages\/225","targetHints":{"allow":["GET"]}}],"collection":[{"href":"https:\/\/www.mercure-viguierfigeac.com\/de\/wp-json\/wp\/v2\/pages"}],"about":[{"href":"https:\/\/www.mercure-viguierfigeac.com\/de\/wp-json\/wp\/v2\/types\/page"}],"author":[{"embeddable":true,"href":"https:\/\/www.mercure-viguierfigeac.com\/de\/wp-json\/wp\/v2\/users\/5"}],"replies":[{"embeddable":true,"href":"https:\/\/www.mercure-viguierfigeac.com\/de\/wp-json\/wp\/v2\/comments?post=225"}],"version-history":[{"count":43,"href":"https:\/\/www.mercure-viguierfigeac.com\/de\/wp-json\/wp\/v2\/pages\/225\/revisions"}],"predecessor-version":[{"id":2085,"href":"https:\/\/www.mercure-viguierfigeac.com\/de\/wp-json\/wp\/v2\/pages\/225\/revisions\/2085"}],"up":[{"embeddable":true,"href":"https:\/\/www.mercure-viguierfigeac.com\/de\/wp-json\/wp\/v2\/pages\/238"}],"wp:featuredmedia":[{"embeddable":true,"href":"https:\/\/www.mercure-viguierfigeac.com\/de\/wp-json\/wp\/v2\/media\/229"}],"wp:attachment":[{"href":"https:\/\/www.mercure-viguierfigeac.com\/de\/wp-json\/wp\/v2\/media?parent=225"}],"curies":[{"name":"wp","href":"https:\/\/api.w.org\/{rel}","templated":true}]}}