{"id":156,"date":"2024-04-03T16:14:09","date_gmt":"2024-04-03T14:14:09","guid":{"rendered":"https:\/\/www.mercure-viguierfigeac.com\/mentions-legales\/"},"modified":"2024-04-17T18:01:39","modified_gmt":"2024-04-17T16:01:39","slug":"gesetzliche-hinweise","status":"publish","type":"page","link":"https:\/\/www.mercure-viguierfigeac.com\/de\/mentions-legales\/","title":{"rendered":"Rechtliche Hinweise"},"content":{"rendered":"<div data-elementor-type=\"wp-page\" data-elementor-id=\"156\" class=\"elementor elementor-156\" data-elementor-post-type=\"page\">\n\t\t\t\t<div class=\"elementor-element elementor-element-3da31cd5 e-flex e-con-boxed e-con e-parent\" data-id=\"3da31cd5\" data-element_type=\"container\" data-e-type=\"container\" data-settings=\"{&quot;background_background&quot;:&quot;classic&quot;}\">\n\t\t\t\t\t<div class=\"e-con-inner\">\n\t\t<div class=\"elementor-element elementor-element-58751236 e-flex e-con-boxed e-con e-child\" data-id=\"58751236\" data-element_type=\"container\" data-e-type=\"container\">\n\t\t\t\t\t<div class=\"e-con-inner\">\n\t\t\t\t<div class=\"elementor-element elementor-element-596a58f4 elementor-widget elementor-widget-heading\" data-id=\"596a58f4\" data-element_type=\"widget\" data-e-type=\"widget\" data-widget_type=\"heading.default\">\n\t\t\t\t<div class=\"elementor-widget-container\">\n\t\t\t\t\t<h1 class=\"elementor-heading-title elementor-size-default\">Rechtliche Hinweise<\/h1>\t\t\t\t<\/div>\n\t\t\t\t<\/div>\n\t\t\t\t\t<\/div>\n\t\t\t\t<\/div>\n\t\t\t\t<div class=\"elementor-element elementor-element-3e13d949 elementor-absolute elementor-widget elementor-widget-image\" data-id=\"3e13d949\" data-element_type=\"widget\" data-e-type=\"widget\" data-settings=\"{&quot;_position&quot;:&quot;absolute&quot;}\" data-widget_type=\"image.default\">\n\t\t\t\t<div class=\"elementor-widget-container\">\n\t\t\t\t\t\t\t\t\t\t\t\t\t\t\t<img fetchpriority=\"high\" decoding=\"async\" width=\"285\" height=\"1072\" src=\"https:\/\/www.mercure-viguierfigeac.com\/wp-content\/uploads\/2024\/04\/Groupe-947.png\" class=\"attachment-full size-full wp-image-157\" alt=\"\" srcset=\"https:\/\/www.mercure-viguierfigeac.com\/wp-content\/uploads\/2024\/04\/Groupe-947.png 285w, https:\/\/www.mercure-viguierfigeac.com\/wp-content\/uploads\/2024\/04\/Groupe-947-80x300.png 80w, https:\/\/www.mercure-viguierfigeac.com\/wp-content\/uploads\/2024\/04\/Groupe-947-272x1024.png 272w, https:\/\/www.mercure-viguierfigeac.com\/wp-content\/uploads\/2024\/04\/Groupe-947-3x12.png 3w\" sizes=\"(max-width: 285px) 100vw, 285px\" title=\"\">\t\t\t\t\t\t\t\t\t\t\t\t\t\t\t<\/div>\n\t\t\t\t<\/div>\n\t\t\t\t\t<\/div>\n\t\t\t\t<\/div>\n\t\t<div class=\"elementor-element elementor-element-75296d8b e-flex e-con-boxed e-con e-parent\" data-id=\"75296d8b\" data-element_type=\"container\" data-e-type=\"container\">\n\t\t\t\t\t<div class=\"e-con-inner\">\n\t\t\t\t<div class=\"elementor-element elementor-element-cf9f637 elementor-widget elementor-widget-text-editor\" data-id=\"cf9f637\" data-element_type=\"widget\" data-e-type=\"widget\" data-widget_type=\"text-editor.default\">\n\t\t\t\t<div class=\"elementor-widget-container\">\n\t\t\t\t\t\t\t\t\t<p>Name der Betreibergesellschaft : HO RE GEAC SASU - MERCURE FIGEAC VIGUIER DU ROY<br \/>Telefon: +335 65 50 05 05<br \/>Individuelle Umsatzsteuer-Identifikationsnummer: FR96 842 622 441<br \/>Siret-Nummer: 842 622 441 00025<br \/>Bildnachweis: \u00a9Viguier du Roy \u00a9Eliophot<\/p><p>Verantwortung<\/p><p>Mit dem Zugriff auf diese Website werden Sie dar\u00fcber informiert, dass die Nutzung des Internets die Einhaltung einer Reihe von Gesetzen erfordert, die sich insbesondere auf das Urheberrecht und das Gesetz \u00fcber Informatik und Freiheiten beziehen. MERCURE FIGEAC VIGUIER DU ROY und ELIOPHOT k\u00f6nnen nicht f\u00fcr Fehler oder Auslassungen haftbar gemacht werden, und der Herausgeber beh\u00e4lt sich das Recht vor, die Daten auf der Website jederzeit zu \u00e4ndern und zu aktualisieren.<\/p><p>Copyright<\/p><p>Gem\u00e4\u00df dem franz\u00f6sischen Gesetz \u00fcber geistiges Eigentum ist die teilweise oder vollst\u00e4ndige Vervielf\u00e4ltigung der Daten (Layout, Anordnung der Website, Fotos, Texte und Illustrationen, die durch das Urheberrecht gesch\u00fctzt sind) f\u00fcr eine andere als private Nutzung, der Verkauf, die Verbreitung, die Ver\u00f6ffentlichung, die Anpassung oder die Kommunikation nur mit vorheriger schriftlicher Genehmigung der Inhaber der oben genannten Rechte gestattet.<\/p><p>Informatik und Freiheiten\u00a0 \u00a0 \u00a0<\/p><p>Jeder Nutzer, der direkt oder indirekt namentliche Informationen hinterlegt hat, hat ein Recht auf Zugang und Berichtigung gem\u00e4\u00df dem Gesetz Nr. 7817 vom 6\/01\/78 (Informatique et Libert\u00e9s) beim Administrator der Website.<\/p><p>Schutz von pers\u00f6nlichen Daten<br \/>Identit\u00e4t des f\u00fcr die Verarbeitung Verantwortlichen<\/p><p>Die Website wird von der Betreibergesellschaft herausgegeben, deren Kontaktdaten oben angegeben sind.<br \/>Der Zugriff auf die Website und die Nutzung ihres Inhalts erfolgen im Rahmen der nachstehend beschriebenen Nutzungsbedingungen.\u00a0<\/p><p>Art der pers\u00f6nlichen Daten\u00a0<\/p><p>Pers\u00f6nliche Daten\" sind alle pers\u00f6nlichen Informationen, die Sie der Betreibergesellschaft mitteilen und die es der Betreibergesellschaft erm\u00f6glichen, Sie direkt oder indirekt als nat\u00fcrliche Person zu identifizieren, z.B. bei einem Besuch der Website, einer Informationsanfrage, einer Zimmerreservierung oder anderen Leistungen.<\/p><p>Die gesammelten pers\u00f6nlichen Daten<\/p><p>Sie k\u00f6nnen aufgefordert werden, Ihre pers\u00f6nlichen Daten anzugeben, wenn Sie auf der Website der Betreibergesellschaft surfen.<\/p><p>Die obligatorische oder fakultative Natur der angeforderten Informationen wird Ihnen bei der Sammlung mit einem Sternchen \"*\" angezeigt. Die mit einem Sternchen gekennzeichneten Informationen sind obligatorisch, da sie f\u00fcr die Bearbeitung Ihrer verschiedenen Anfragen unerl\u00e4sslich sind. Die anderen Informationen dienen dazu, Sie besser kennen zu lernen und die Ihnen angebotenen Dienstleistungen zu verbessern. Sie sind daher fakultativ.<\/p><p>Die Betreibergesellschaft sammelt und verarbeitet insbesondere Ihren Namen, Vornamen, E-Mail-Adresse, Rechnungsadresse, Telefonnummer, IP-Adresse, Verbindungs- und Navigationsdaten, Ihre Vorlieben und Interessen (Nichtraucherzimmer, Lieblingszimmer, Art des Aufenthalts...), Ihre Online-Bewertungen.<\/p><p>Wann werden Ihre pers\u00f6nlichen Daten gesammelt?<br \/>Sie navigieren auf der Website (IP-Adresse und Cookies) und sehen sich Produkte oder Dienstleistungen an;<br \/>Sie teilen der Betreibergesellschaft Ihre Beobachtungen\/Kommentare in bestimmten Rubriken, \u00fcber Frageb\u00f6gen oder Kontaktformulare, auf der offiziellen Seite der sozialen Netzwerke der Betreibergesellschaft mit;<br \/>Sie senden eine elektronische Nachricht an die Betreibergesellschaft;<br \/>Sie tragen sich in die Mailingliste des Newsletters ein;<br \/>Sie teilen eine Seite oder ein Angebot per E-Mail oder \u00fcber ein soziales Netzwerk;<br \/>Sie beantworten einen Fragebogen zur Zufriedenheit ;<br \/>Sie fordern ein Angebot an.<br \/>Die Speicherung von Daten<\/p><p>Die gesammelten Informationen werden in unseren verschiedenen Buchungssystemen in sicheren und SSL-zertifizierten Datenbanken gespeichert.<\/p><p>Diese Datenbank enth\u00e4lt: die Namen der G\u00e4ste, ihre Adresse, Telefonnummern, Position, Firmenname und Kreditkartendaten. Wir k\u00f6nnen auch andere Informationen speichern, wie z.B. Ihre Pr\u00e4ferenzen in Bezug auf Zimmer, Mahlzeiten, Getr\u00e4nke und andere Dienstleistungen sowie Ihren bisherigen Aufenthalt in unserem Haus.<\/p><p>Zweck der Datenerhebung durch die Betreibergesellschaft<\/p><p>\u00dcber die Website sammelt die Betreibergesellschaft Daten \u00fcber Sie, die f\u00fcr die folgenden Zwecke unbedingt erforderlich sind:<\/p><p>Um Ihre Anfragen, Buchungen und Treueprogramme zu verwalten;<br \/>Um die Dienste der Betreibergesellschaft zu verbessern und zu personalisieren, um Ihnen die Navigation auf der Website zu erleichtern;<br \/>Um die gesamte Kundenbeziehung zu verwalten und zu verfolgen ;<br \/>Verwaltung der Anmeldung f\u00fcr Nachrichten und Werbeangebote des Betreibers (Newsletter);<br \/>Um alle Ihre Anfragen nach Zugang gem\u00e4\u00df der geltenden Gesetzgebung zu bearbeiten ;<br \/>Verwaltung von Zahlungsr\u00fcckst\u00e4nden und Rechtsstreitigkeiten ;<br \/>Bearbeitung von Bewerbungsanfragen im Zusammenhang mit Stellenangeboten des Betreiberunternehmens, die Ihre Aufmerksamkeit erregt haben, oder von spontanen Bewerbungsanfragen;<br \/>Messung von Qualit\u00e4t und Zufriedenheit.\u00a0<\/p><p>Wenn Sie die erforderlichen Angaben nicht machen, kann Ihr Antrag nicht bearbeitet werden.<\/p><p>Verpflichtungen der Betreibergesellschaft in Bezug auf den Schutz pers\u00f6nlicher Daten<br \/>Transparenz und Zweckm\u00e4\u00dfigkeit :\u00a0<\/p><p>Es werden keine pers\u00f6nlichen Daten ohne Ihr Wissen gesammelt oder gesammelt. Ob die Angaben, die Sie der Betreibergesellschaft im Rahmen der Erhebung auf der Website mitteilen m\u00fcssen, fakultativ oder obligatorisch sind, wird Ihnen vorab durch das Symbol \"*\" mitgeteilt. Die Betreibergesellschaft sammelt und verarbeitet Ihre pers\u00f6nlichen Daten ausschlie\u00dflich f\u00fcr die in diesen rechtlichen Hinweisen beschriebenen Zwecke.<\/p><p>Verh\u00e4ltnism\u00e4\u00dfigkeit und Relevanz :\u00a0<\/p><p>Die Betreibergesellschaft sammelt und verarbeitet nur die pers\u00f6nlichen Daten, die f\u00fcr die Bearbeitung Ihrer Anfrage oder f\u00fcr die Personalisierung der Ihnen angebotenen Dienstleistungen erforderlich sind.<\/p><p>Datenspeicherungszeit :<\/p><p>Die Betreibergesellschaft speichert Ihre pers\u00f6nlichen Daten nur so lange, wie es f\u00fcr die Verarbeitung dieser Daten in \u00dcbereinstimmung mit dem anwendbaren Recht erforderlich ist.<\/p><p>Sicherheit und Datenschutz :\u00a0<\/p><p>Die Betreibergesellschaft verpflichtet sich, die notwendigen Ma\u00dfnahmen zu ergreifen, um die Vertraulichkeit der Daten zu gew\u00e4hrleisten und sie nicht an unbefugte Dritte weiterzugeben.<\/p><p>Wir k\u00f6nnen Ihre personenbezogenen Daten an lokale Beh\u00f6rden weitergeben, wenn dies gesetzlich vorgeschrieben ist oder im Rahmen einer Untersuchung und in \u00dcbereinstimmung mit den lokalen Vorschriften erfolgt.<\/p><p>Wie bei den meisten Websites werden bestimmte Informationen automatisch \u00fcber ein Protokoll aufgezeichnet. Zu diesen Informationen geh\u00f6ren Protokoll-Adressen (IP-Adresse), Typ des verwendeten Browsers, Internet-Service-Provider, Verweis- und Endseiten, Betriebssystem, Datum, Zeit und Clickstream-Daten.<\/p><p>Cookies speichern keine Informationen, die von den Nutzern w\u00e4hrend einer Online-Buchung oder bei der Registrierung eines Kundenkontos angegeben werden. Cookies identifizieren eher Ihren Browser als Sie selbst und k\u00f6nnen allein nicht ausreichen, um Ihre Identit\u00e4t zu enth\u00fcllen.<\/p><p>Wahrung Ihrer Rechte :\u00a0<\/p><p>Sie werden \u00fcber Ihr Recht auf Auskunft, Zugang, Berichtigung und Einspruch aus legitimen Gr\u00fcnden sowie \u00fcber Ihr Recht auf Einspruch gegen kommerzielle Werbung gem\u00e4\u00df den Bestimmungen des Gesetzes Nr. 78-17 vom 6. Januar 1978 informiert.<\/p><p>Recht auf Zugang, Berichtigung und Widerspruch :<\/p><p>Gem\u00e4\u00df dem Gesetz Nr. 78-17 vom 6. Januar 1978 \u00fcber Informatik, Dateien und Freiheiten haben Sie auf einfache schriftliche Anfrage ein Recht auf Zugang und Berichtigung der Sie betreffenden Informationen.<br \/>Sie k\u00f6nnen auch aus legitimen Gr\u00fcnden gegen die Verarbeitung Ihrer Daten Widerspruch einlegen.<\/p><p>Um eines dieser Rechte auszu\u00fcben und Informationen \u00fcber Sie zu erhalten, wenden Sie sich bitte an die Betreibergesellschaft, deren Kontaktdaten Sie am Anfang dieser rechtlichen Hinweise finden.<\/p><p>Cookies<\/p><p>Wenn Sie die Website besuchen, k\u00f6nnen bestimmte Informationen \u00fcber die Navigation Ihres Terminals in Dateien mit der Bezeichnung \"Cookies\" gespeichert werden, die auf Ihrem Terminal installiert werden.<\/p><p>Ein Cookie ist eine kleine Textdatei, die in einem bestimmten Bereich der Festplatte Ihres Terminals gespeichert wird, wenn Sie mit Ihrer Navigationssoftware einen Online-Dienst aufrufen. Sie erm\u00f6glicht es ihrem Emittenten, das Terminal, in dem sie gespeichert ist, f\u00fcr die Dauer der G\u00fcltigkeit oder Speicherung des Cookies zu identifizieren.<\/p><p>Die Cookies, die die Betreibergesellschaft ausstellt, werden f\u00fcr die nachfolgend beschriebenen Zwecke verwendet, und zwar f\u00fcr die Dauer der G\u00fcltigkeit des jeweiligen Cookies, vorbehaltlich Ihrer Wahl, die sich aus den Einstellungen Ihrer Browser-Software ergibt, die Sie beim Besuch der Website verwenden und deren Einstellungen Sie jederzeit \u00e4ndern k\u00f6nnen.<\/p><p>Cookies von Partnerunternehmen (Drittanbieter-Cookies) k\u00f6nnen \u00fcber die Seiten der Website auf Ihrem Computer platziert werden.<\/p><p>Nur der Emittent eines Cookies kann die darin enthaltenen Informationen lesen oder \u00e4ndern.<\/p><p>Auf der Website werden verschiedene Arten von Cookies verwendet, die unterschiedlichen Zwecken dienen. Einige sind notwendig, damit Sie die Website nutzen k\u00f6nnen.<\/p><p>Analytische Cookies<\/p><p>Es handelt sich um Cookies, die es der Betreibergesellschaft erm\u00f6glichen, den Inhalt der Website zu \u00fcberwachen:<\/p><p>Statistiken zu erstellen und die verschiedenen Elemente der Website (besuchte Rubriken und Inhalte, Verl\u00e4ufe) zu analysieren, um das Surferlebnis zu verbessern;<br \/>die Gesamtzahl der von ihr auf ihren Werbefl\u00e4chen angezeigten Werbeanzeigen zu erfassen, diese Werbeanzeigen zu identifizieren, die Anzahl der Anzeigen, die Anzahl der Klicks und die Navigationsinformationen.<\/p><p>Beispiel f\u00fcr analytische Cookies<\/p><p>_ga Analytics: Aufzeichnung von Navigationsdaten\u00a0\u00a0\u00a0\u00a0\u00a0\u00a0\u00a0\u00a0\u00a0<br \/>__utm Analytics: Aufzeichnung von Navigationsdaten\u00a0\u00a0\u00a0\u00a0\u00a0\u00a0\u00a0\u00a0\u00a0<br \/>_gac Campaign: Aufzeichnung von Navigationsdaten von Werbekampagnen<br \/>Cookies und Plug-ins von sozialen Netzwerken (Social Buttons)<\/p><p>Die Betreibergesellschaft kann auf der Website Tools einf\u00fcgen, mit denen Sie Inhalte mit anderen Personen teilen k\u00f6nnen oder mit denen Sie anderen Personen Ihre Konsultation oder Ihre Meinung zu einem Inhalt auf unserer Website mitteilen k\u00f6nnen. Dies gilt insbesondere f\u00fcr die Schaltfl\u00e4chen \"Teilen\", \"Gef\u00e4llt mir\", die von sozialen Netzwerken wie Facebook, Twitter usw. stammen.<\/p><p>Die Betreibergesellschaft hat keine Kontrolle \u00fcber den Prozess, den die sozialen Netzwerke bei der Sammlung von Informationen anwenden.<\/p><p>Facebook Connect: Anmeldung \u00fcber Ihr Facebook-Konto<br \/>Facebook Social Graph: Teilen der Seite auf Facebook<br \/>Pinterest: Teilen der Seite auf Pinterest\u00a0\u00a0\u00a0\u00a0\u00a0<br \/>Linkedin: Teilen der Seite auf Linkedin<br \/>Instagram: Teilen der Seite auf Instagram<br \/>Cookies und Maschinenkennungen zur Sicherung von Transaktionen<\/p><p>Wir informieren Sie, dass die Betreibergesellschaft oder ihre in ihrem Auftrag handelnden Dienstleister w\u00e4hrend Ihrer Bestellung Cookies hinterlegen oder Informationen \u00fcber Ihr Endger\u00e4t sammeln k\u00f6nnen, insbesondere Informationen (technische Sicherheitsattribute), die f\u00fcr die Erkennung von Ger\u00e4ten (Computer, Tablet oder Mobiltelefon) erforderlich sind, um die Identifizierung Ihres Ger\u00e4ts zum Zweck der Sicherung von Transaktionen in Ihrem Interesse zu erm\u00f6glichen.<\/p><p>Werbe-Cookies<\/p><p>Die Werbeinhalte (Grafiken, Animationen, Videos usw.), die auf den Werbefl\u00e4chen der Betreibergesellschaft erscheinen, k\u00f6nnen Cookies von Dritten enthalten, die es erm\u00f6glichen, w\u00e4hrend der G\u00fcltigkeitsdauer der Cookies die Klicks zu z\u00e4hlen und Ihnen die Werbung anzubieten, die Ihrem Surfverhalten, Ihren Interessen und Vorlieben am besten entspricht.<\/p><p>Die Ablehnung von Werbe-Cookies hat keinen Einfluss auf die Nutzung der Website und f\u00fchrt auch nicht dazu, dass die Werbung auf der Website oder im Internet eingestellt wird. Es wird lediglich Werbung angezeigt, die nicht auf Ihre Interessen oder Vorlieben abgestimmt ist.<\/p><p>Diese Cookies h\u00e4ngen haupts\u00e4chlich von den Werbeagenturen ab. Wir k\u00f6nnen sie nicht vollst\u00e4ndig auflisten:<\/p><p>AdWords: Kauf von gesponserten Schl\u00fcsselw\u00f6rtern, die bei Google angezeigt werden.<br \/>Facebook Custom Audience<br \/>Gezielte Werbung: Aufzeichnung des Surfverlaufs<br \/>Advertising Targeting\u00a0<\/p><p>Die Website kann Cookies enthalten, die von Dritten (Agenturen und Werbetools) ausgegeben werden und es diesen erm\u00f6glichen, w\u00e4hrend der G\u00fcltigkeitsdauer des Cookies Navigationsdaten \u00fcber die Ger\u00e4te zu sammeln, die sich mit unseren Websites verbinden, aber auch Ihnen Werbeinhalte anzubieten, die Ihrem vorherigen Besuch auf der Website entsprechen k\u00f6nnten. \u00a0<\/p><p>In keinem Fall erlaubt die Sammlung dieser Daten diesen Dienstleistern, Sie pers\u00f6nlich zu identifizieren. Ihr Name, Vorname, Benutzername, Ihre Postanschrift, E-Mail-Adresse und Ihr Passwort werden ohne Ihre vorherige ausdr\u00fcckliche Zustimmung nicht an Dritte weitergegeben.<\/p><p>Ihre Wahl bez\u00fcglich der Cookies<\/p><p>Sie haben mehrere M\u00f6glichkeiten, die Cookies zu verwalten. Alle von Ihnen vorgenommenen Einstellungen k\u00f6nnen Ihre Navigation im Internet und Ihre Zugangsbedingungen zu bestimmten Diensten, die Cookies erfordern, ver\u00e4ndern.<\/p><p>Die Wahlm\u00f6glichkeiten, die Ihnen Ihre Browser-Software bietet<\/p><p>Sie k\u00f6nnen Ihren Internetbrowser (Google Chrome, Internet Explorer, Mozilla Firefox usw.) so einstellen, dass Cookies in Ihrem Terminal gespeichert oder abgelehnt werden.<\/p><p>Ablehnung von Cookies\u00a0<\/p><p>Wenn Sie die Speicherung von Cookies ablehnen, stehen Ihnen bestimmte Funktionen nicht mehr zur Verf\u00fcgung, wie z.B. die Identifizierung\/Verbindung zu Ihrem pers\u00f6nlichen Bereich, die Personalisierung Ihrer Navigation (z.B. die Wahl der bevorzugten Sprache).<\/p><p>Die Betreibergesellschaft \u00fcbernimmt keine Verantwortung f\u00fcr die Folgen, die sich aus der Ablehnung des Cookies ergeben, wenn ihre Dienste und Funktionen beeintr\u00e4chtigt werden.<\/p><p>Wie k\u00f6nnen Sie Ihre Wahlm\u00f6glichkeiten aus\u00fcben, je nachdem, welchen Browser Sie verwenden?<\/p><p>F\u00fcr die Verwaltung der Cookies und Ihrer Wahlm\u00f6glichkeiten ist jeder Browser anders konfiguriert. Sie wird im Hilfe-Men\u00fc Ihres Browsers beschrieben, wo Sie erfahren, wie Sie Ihre Cookie-W\u00fcnsche \u00e4ndern k\u00f6nnen.<\/p><p>F\u00fcr Internet Explorer\u2122 :<\/p><p>https:\/\/support.microsoft.com\/fr-fr\/help\/17442\/windows-internet-explorer-delete-manage-cookies<br \/>oder<\/p><p>Klicken Sie im Internet Explorer auf die Schaltfl\u00e4che Extras und dann auf Internetoptionen. Klicken Sie auf der Registerkarte Allgemein unter Browserverlauf auf Einstellungen. Klicken Sie auf die Schaltfl\u00e4che Dateien anzeigen. Klicken Sie auf die Spalten\u00fcberschrift Name, um alle Dateien in alphabetischer Reihenfolge zu sortieren, und gehen Sie dann durch die Liste, bis Sie Dateien sehen, die mit dem Pr\u00e4fix \"Cookie\" beginnen (alle Cookies haben dieses Pr\u00e4fix und enthalten normalerweise den Namen der Website, die das Cookie erstellt hat). W\u00e4hlen Sie den\/die Cookie(s) mit dem Namen des Betreibers und l\u00f6schen Sie ihn\/sie. Schlie\u00dfen Sie das Fenster mit der Liste der Dateien und klicken Sie zweimal auf OK, um zum Internet Explorer zur\u00fcckzukehren.<\/p><p>F\u00fcr Safari\u2122 :<\/p><p>https:\/\/support.apple.com\/fr-fr\/guide\/safari\/sfri11471\/mac<br \/>Oder<br \/>W\u00e4hlen Sie in Ihrem Browser das Men\u00fc Bearbeiten &gt; Einstellungen. Klicken Sie auf Sicherheit. Klicken Sie auf Cookies anzeigen. W\u00e4hlen Sie die Cookies, die den Namen der Betreibergesellschaft enthalten und klicken Sie auf L\u00f6schen oder Alle l\u00f6schen. Nachdem Sie die Cookies gel\u00f6scht haben, klicken Sie auf Fertig.<\/p><p>F\u00fcr Chrome\u2122 :<\/p><p>https:\/\/support.google.com\/chrome\/bin\/answer.py?hl=fr&amp;hlrm=en&amp;answer=95647<br \/>Oder<br \/>\u00d6ffnen Sie Google Chrome. Klicken Sie in der Symbolleiste des Browsers auf Mehr. Positionieren Sie Ihren Cursor auf Weitere Tools und klicken Sie auf Browserdaten l\u00f6schen. Aktivieren Sie im Fenster \"Browserdaten l\u00f6schen\" die Kontrollk\u00e4stchen Cookies und Daten von anderen Websites oder Plug-ins und Bilder und Cache-Dateien. Verwenden Sie das Men\u00fc oben, um die Menge der Daten auszuw\u00e4hlen, die Sie l\u00f6schen m\u00f6chten. W\u00e4hlen Sie Von Anfang an, um alles zu l\u00f6schen. Klicken Sie auf Browserdaten l\u00f6schen.<\/p><p>F\u00fcr Firefox\u2122 :<\/p><p>https:\/\/support.mozilla.org\/fr\/kb\/Activer%20et%20d%C3%A9sactiver%20les%20cookies<br \/>Oder<br \/>Gehen Sie auf die Registerkarte \"Extras\" des Browsers und w\u00e4hlen Sie das Men\u00fc \"Optionen\". Im angezeigten Fenster w\u00e4hlen Sie \"Datenschutz\" und klicken auf \"Bestimmte Cookies l\u00f6schen\". Suchen Sie nach Dateien, die den Namen der Betreibergesellschaft enthalten. W\u00e4hlen Sie diese aus und l\u00f6schen Sie sie.<\/p><p>Weitere Informationen \u00fcber Cookies<\/p><p>Die Betreibergesellschaft l\u00e4dt Sie ein, die Website der CNIL unter folgender Adresse zu besuchen: https:\/\/www.cnil.fr\/fr\/cookies-les-outils-pour-les-maitriser<\/p><p>Anrufung des Ombudsmanns f\u00fcr Verbraucherfragen<\/p><p>Gem\u00e4\u00df Artikel L. 616-1 und R. 111-1 6\u00b0 des Verbrauchergesetzbuches hat der Kunde das Recht, sich an den Ombudsmann f\u00fcr Tourismus und Reisen zu wenden, dessen Kontaktdaten derzeit wie folgt lauten:<br \/>Ombudsmann f\u00fcr Tourismus und Reisen,<br \/>MTV Mediation Tourismus Reisen<br \/>BP 80 303<br \/>75823 Paris Cedex 17<\/p>\t\t\t\t\t\t\t\t<\/div>\n\t\t\t\t<\/div>\n\t\t\t\t\t<\/div>\n\t\t\t\t<\/div>\n\t\t\t\t<\/div>","protected":false},"excerpt":{"rendered":"<p>Mentions L\u00e9gales Raison sociale de la soci\u00e9t\u00e9 exploitante : HO RE GEAC SASU &#8211; MERCURE FIGEAC VIGUIER DU ROYT\u00e9l\u00e9phone : +335 65 50 05 05Num\u00e9ro individuel d&rsquo;identification de TVA : FR96 842 622 441Num\u00e9ro de Siret : 842 622 441 00025Cr\u00e9dit photo : \u00a9Viguier du Roy \u00a9Eliophot Responsabilit\u00e9 En acc\u00e9dant \u00e0 ce site, vous \u00eates [&hellip;]<\/p>\n","protected":false},"author":5,"featured_media":160,"parent":0,"menu_order":0,"comment_status":"closed","ping_status":"closed","template":"","meta":{"inline_featured_image":false,"footnotes":""},"class_list":["post-156","page","type-page","status-publish","has-post-thumbnail","hentry"],"_links":{"self":[{"href":"https:\/\/www.mercure-viguierfigeac.com\/de\/wp-json\/wp\/v2\/pages\/156","targetHints":{"allow":["GET"]}}],"collection":[{"href":"https:\/\/www.mercure-viguierfigeac.com\/de\/wp-json\/wp\/v2\/pages"}],"about":[{"href":"https:\/\/www.mercure-viguierfigeac.com\/de\/wp-json\/wp\/v2\/types\/page"}],"author":[{"embeddable":true,"href":"https:\/\/www.mercure-viguierfigeac.com\/de\/wp-json\/wp\/v2\/users\/5"}],"replies":[{"embeddable":true,"href":"https:\/\/www.mercure-viguierfigeac.com\/de\/wp-json\/wp\/v2\/comments?post=156"}],"version-history":[{"count":16,"href":"https:\/\/www.mercure-viguierfigeac.com\/de\/wp-json\/wp\/v2\/pages\/156\/revisions"}],"predecessor-version":[{"id":775,"href":"https:\/\/www.mercure-viguierfigeac.com\/de\/wp-json\/wp\/v2\/pages\/156\/revisions\/775"}],"wp:featuredmedia":[{"embeddable":true,"href":"https:\/\/www.mercure-viguierfigeac.com\/de\/wp-json\/wp\/v2\/media\/160"}],"wp:attachment":[{"href":"https:\/\/www.mercure-viguierfigeac.com\/de\/wp-json\/wp\/v2\/media?parent=156"}],"curies":[{"name":"wp","href":"https:\/\/api.w.org\/{rel}","templated":true}]}}